{"id":758,"date":"2022-04-06T16:43:29","date_gmt":"2022-04-06T21:43:29","guid":{"rendered":"https:\/\/my.vanderbilt.edu\/collegescholars\/?page_id=758"},"modified":"2022-07-25T23:37:59","modified_gmt":"2022-07-26T04:37:59","slug":"fall-2022-honors-seminars","status":"publish","type":"page","link":"https:\/\/my.vanderbilt.edu\/collegescholars\/fall-2022-honors-seminars\/","title":{"rendered":"Fall 2022 Honors Seminars"},"content":{"rendered":"<p><strong>HONS 1810W-77<br \/>\n\u201cDon Quixote: Revelation through Laughter\u201d<br \/>\nTR 11:15 am-12:30 pm<br \/>\n<\/strong>Professor William Franke<br \/>\nDepartment of French &amp; Italian<br \/>\n<em>AXLE: Humanities &amp; the Creative Arts (HCA)<\/em><\/p>\n<p>Miguel de Cervantes\u2019s <em>Don Quixote <\/em>in two parts (1605, 1615) is often considered canonically to be the first modern novel. What matters is less the action (as in epic and drama) and the adventures in themselves (as in romance); more important is what it all means to the characters in the novel. The subjective experience of the protagonists moves into the foreground, and a new dimension of psychological depth opens up. Furthermore, the writing itself and the interaction between author and reader in constructing the fiction work not only in the background but become overt concerns. This metafictional aspect of the work probes the relation between imagination and reality and their complicated mutual implication. Although a fiction, the figure of Don Quixote has become a paramount historical icon, an emblem of Spain, with his statue dominating the <em>Plaza d\u2019Espa\u00f1a<\/em> in central Madrid. No other fictional character, not even Hamlet, has achieved such an apotheosis, becoming more present and real than real historical figures. Even more universally, Don Quixote, however ridiculous, also becomes a Christic figure, a martyr submitting to unlimited self-sacrifice and humiliation for his dream and ideal. Laughter can turn the world upside down and reveal what is ordinarily hidden by objective reality, remaking the universe out of the deepest aspirations of the human heart, revealing (even if pathetically) an inalienable nobility in the human being and perhaps even some spark of divinity. Laughter becomes a privileged means of theological revelation that needs to be taken seriously as literature takes over from religion in modern secular society by assuming an instructional and even salvific function.<\/p>\n<p><em>Don Quixote<\/em> will be read in this course as one of the all-time classics of world literature that we commonly call the Great Books. We will question what makes a book such as <em>Don Quixote<\/em> great and how and why it still has vital meaning and is full of life-transforming insights for us today.<\/p>\n<p>&nbsp;<\/p>\n<p><strong>HONS 1810W-78<br \/>\n\u201cCreativity and Play\u201d<br \/>\nMW: 2:30-3:45 pm<br \/>\n<\/strong>Professor Mark Wollaeger<br \/>\nDepartment of English<br \/>\n<em>AXLE: Humanities &amp; the Creative Arts (HCA)<\/em><\/p>\n<p>What can a multi-disciplinary approach tell us about the nature of creativity? Different disciplines carve up reality in different ways: are there two kinds of creativity? three? four? Imaginative literature, neuroscience, and psychology will offer different answers and will trace the phenomenon to different sources. We will explore creativity by studying, among other things, English Romantic discourse on imagination and genius, current perspectives from neuroscience, psychology, and sociology, all with an eye to developing a richer understanding of some basic questions: what <em>is<\/em> creativity? can it be taught or enhanced? how does creativity enter into what engineer James L. Adams calls conceptual blockbusting? can our course make <em>you<\/em> more creative? Our theoretical inquiry will also be brought to bear on a case study: what can the work of a particular individual, such as the multi-dimensional American artist Laurie Anderson, teach us about creativity?<\/p>\n<p>&nbsp;<\/p>\n<p><strong>HONS 1820W-23<br \/>\n\u201cScience\/Fiction\u201d<br \/>\nTR 9:30-10:45 am<br \/>\n<\/strong>Professor Jay Clayton, Department of English<br \/>\nProfessor Robert Scherrer, Department of Physics.<br \/>\nDepartment of Anthropology<br \/>\n<em>AXLE: Perspectives (P)<\/em><\/p>\n<p>This class will explore the relationship between science and science fiction. Drawing on classic works of scientific writing and SF, we will examine the distinctive modes of imagination and style in the two activities, as well as their social and cultural influences. What are the ground rules for introducing original ideas in each field?\u00a0 How are ideas embedded and developed in a SF story in comparison with their presentation in a scientific article?\u00a0 What roles do prediction and falsification play in each?\u00a0 Fiction will range from the origins of the genre in H. G. Wells to the \u201cgolden age\u201d of Asimov, Heinlein, Clarke, and Bradbury to new wave fiction, speculative fiction, Afro-futurism, and emerging twenty-first century writers, and will include readings from exemplary works of science writing. No scientific background is required, but scientific concepts will be introduced and discussed.<\/p>\n<p>&nbsp;<\/p>\n<p><strong>HONS 1830W-63<br \/>\n\u201cThe Science of Misinformation: Why We Believe False Information\u201d<br \/>\nTR 1:15-2:30 pm<br \/>\n<\/strong>Professor Lisa Fazio<br \/>\nDepartment of Psychology and Human Development<br \/>\n<em>AXLE: Social and Behavioral Sciences (SBS)<\/em><\/p>\n<p>This course will focus on the psychological processes that affect belief in misinformation. We will focus on questions such as, How do people come to believe false information? How can we best correct false beliefs? and What policies\/interventions are more or less effective in stopping the spread of misinformation? During the semester, the class will collaboratively design, run, analyze and write-up a psychological study with the goal of submitting the resulting manuscript to a peer-reviewed journal<\/p>\n<p>&nbsp;<\/p>\n<p><strong>HONS 1840W-40<br \/>\n\u201cThe Scenes of Nashville\u201d<br \/>\nTR 1:15-2:30 pm<br \/>\n<\/strong>Professor Claire Sisco King<br \/>\nDepartment of Communication Studies<br \/>\n<em>AXLE: US History and Culture (US)<\/em><\/p>\n<p>In 2012, <em>The New York Times<\/em> declared Nashville had gone from \u201cMusic City\u201d to an \u201cIt City\u201d because of its growth and increased visibility in national culture. In the decade since, the city has continued to grow exponentially, leading the United States in tourism numbers even amid the COVID-19 pandemic. This course will examine the rhetorical implications of Nashville\u2019s \u201cIt City\u201d status, focusing particularly on its tourism cultures from the music industry to the bachelorette party industry. We will also consider the roles of race and racism in defining the city\u2019s history and the identity of \u201cnew\u201d Nashville. Other subjects of discussion will include gentrification, public art, and celebrity culture. The course will involve multiple excursions to engage with art, commerce, and cultures in Nashville.<\/p>\n<p>&nbsp;<\/p>\n<p><strong>HONS 1850W-31<br \/>\n\u201cScience, Politics, and Economic Growth\u201d<br \/>\nMW 1:15 \u2013 2:30 pm<br \/>\n<\/strong>Professor Richard Haglund<br \/>\nDepartment of Physics<br \/>\n<em>AXLE: Math and Natural Sciences (MNS)<\/em><\/p>\n<p>In the century from 1879 to 1970, five major innovations (internal combustion engine, modern telecommunications, the chemical and pharmaceutical industries, urban water and sewer networks, electric power grid) transformed American life by driving economic growth at roughly the same rate all across the population. In sharp contrast, five revolutionary technologies from the 1970s (integrated circuits, smartphones, satellite systems, lasers, biotechnology) based on previous scientific advances have yielded negative economic growth for all but the wealthiest ten per cent of Americans. There is nothing inherent in these technologies that explains this fact; instead, it evolved from the complex interactions between the science and technology communities, American political institutions and business. From this perspective we survey the linkages between scientific research, science and technology policy, and market economics in the United States, China and Germany to see how a range of outcomes from innovation can be shaped, usually by the choices of non-scientists for non-scientific reasons. Finally, we ask how different policy choices might produce a broader and more equitable distribution of the wealth derived from innovation and whether a more diverse, sophisticated work force might influence our national research agenda and the future trajectory of innovation.<\/p>\n<p>&nbsp;<\/p>\n<p><strong>HONS 1860W-27<br \/>\n\u201cRepresentations of Women in Film, Images of the Nation\u201d<br \/>\nTR 11:00 am-12:15 pm<br \/>\n<\/strong>Professor Andres Zamora<br \/>\nDepartment of Spanish &amp; Portuguese<br \/>\n<em>AXLE: International Cultures (INT)<\/em><\/p>\n<p>One of the most outstanding features of the Spanish national cinema in the last quarter of the 20th century, basically from Francisco Franco\u2019s death to the beginning of the new millennium, was the overwhelming abundance and importance of women\u2019s stories, or, more precisely, stories about women written, directed, and told compulsively by men (Pedro Almod\u00f3var, Alejandro Amen\u00e1bar, Fernando Trueba, Carlos Saura, V\u00edctor Erice, et al). This course is an exploration of the cinematographic obsession with the feminine subject, object, gender, genre, and sex. Some of the main characters in these myriad cinematic stories about women are the mother, the housewife, the girl, the lover, the angel, the monster, the hooker, the daughter, the researcher, the witch, the killer, the sister, and the porn-star. Among the intentions, functions, or consequences of all these images of the feminine, the course pays special attention to their role in the depiction of, discussions on, and proposals for national identity throughout the last years of the dictatorship, the transition to democracy, and the consolidation of the new political system in Spain. In fact, the course might work as a case study on the topic of the importance of film in national identity building, placing a special emphasis on the use of women\u2019s images towards that end.<\/p>\n<p>&nbsp;<\/p>\n<p><strong>HONS 1860W-28<br \/>\n\u201cJustice and Art\u201d<br \/>\nTR 9:30 \u2013 10:45 am<br \/>\n<\/strong>Professor Christina Karageorgou Bastea<br \/>\nDepartment of Spanish &amp; Portuguese<br \/>\n<em>AXLE: International Cultures (INT)<\/em><\/p>\n<p>The purpose of this seminar is to explore where justice and art meet, and how one human activity shapes the other. At first, we will go to two different directions, that of ethics and that of aesthetics in order to define the principal concepts that sustain the binary of fairness and beauty. After establishing such foundation we will explore how art may act as an incentive for justice, an act of resistance in the face of injustice, a reason for the search of justice. We will study plays, paintings and sculptures, mythology, fairytales, musical pieces, graffiti, poetry, in order to establish the link that bridges the morally normative to the aesthetically apt in different societies and eras. An array of thinkers (from Aristotle to Hannah Arendt, from Plato to Franz Fanon, from Martin Luther King to Iris Marion Young), and a number of artists such as poets, playwrights, and novelists, sculptors, musicians, painters, filmmakers, graffiti creators, dancers, will offer us perspectives on how art takes issue with concrete circumstances of injustice in favor of fairness and equality.<\/p>\n<p>&nbsp;<\/p>\n<p><strong>HONS 1860W-29<br \/>\n\u201cPassion, Fashion and Murder in the City of Lights\u201d<br \/>\nTR 11:00 am-12:15 pm<br \/>\n<\/strong>Professor Robert Barsky<br \/>\nDepartment of French &amp; Italian<br \/>\n<em>AXLE: International Cultures (INT)<\/em><\/p>\n<p>Paris in the Long Nineteenth Century overflowed with fictional characters created by the likes of Victor Hugo, Honor\u00e9 de Balzac, George Sand, \u00c9mile Zola and Sidonie-Gabrielle Colette. These characters are so deeply ensconced into the imaginations of readers that they seem to have made the leap from fiction to reality, so that we can still imagine them showing off their fashions and their passions in contemporary Paris. In this course, we\u2019ll read (in translation) about some of these extraordinary characters, and we\u2019ll think about that sometimes-tenuous distinction between fiction and reality in ways that will shed light on both realms.<\/p>\n<p>&nbsp;<\/p>\n<p><a href=\"https:\/\/cdn.vanderbilt.edu\/t2-my\/my-prd\/wp-content\/uploads\/sites\/1276\/2019\/11\/AS-College-Scholars_horz_wht3.jpg\"><img loading=\"lazy\" decoding=\"async\" class=\"aligncenter size-large wp-image-573\" src=\"https:\/\/cdn.vanderbilt.edu\/t2-my\/my-prd\/wp-content\/uploads\/sites\/1276\/2019\/11\/AS-College-Scholars_horz_wht3-650x163.jpg\" alt=\"A&amp;S College Scholars_horz_wht3\" width=\"650\" height=\"163\" srcset=\"https:\/\/cdn.vanderbilt.edu\/t2-my\/my-prd\/wp-content\/uploads\/sites\/1276\/2019\/11\/AS-College-Scholars_horz_wht3-650x163.jpg 650w, https:\/\/cdn.vanderbilt.edu\/t2-my\/my-prd\/wp-content\/uploads\/sites\/1276\/2019\/11\/AS-College-Scholars_horz_wht3-300x75.jpg 300w, https:\/\/cdn.vanderbilt.edu\/t2-my\/my-prd\/wp-content\/uploads\/sites\/1276\/2019\/11\/AS-College-Scholars_horz_wht3-768x192.jpg 768w, https:\/\/cdn.vanderbilt.edu\/t2-my\/my-prd\/wp-content\/uploads\/sites\/1276\/2019\/11\/AS-College-Scholars_horz_wht3.jpg 1200w\" sizes=\"auto, (max-width: 650px) 100vw, 650px\" \/><\/a><\/p>\n","protected":false},"excerpt":{"rendered":"<p>HONS 1810W-77 \u201cDon Quixote: Revelation through Laughter\u201d TR 11:15 am-12:30 pm Professor William Franke Department of French &amp; Italian AXLE: Humanities &amp; the Creative Arts (HCA) Miguel de Cervantes\u2019s Don Quixote in two parts (1605, 1615) is often considered canonically to be the first modern novel. What matters is less the action (as in epic&#8230;<\/p>\n","protected":false},"author":1393,"featured_media":0,"parent":0,"menu_order":0,"comment_status":"closed","ping_status":"closed","template":"","meta":{"footnotes":""},"tags":[],"class_list":["post-758","page","type-page","status-publish","hentry"],"_links":{"self":[{"href":"https:\/\/my.vanderbilt.edu\/collegescholars\/wp-json\/wp\/v2\/pages\/758","targetHints":{"allow":["GET"]}}],"collection":[{"href":"https:\/\/my.vanderbilt.edu\/collegescholars\/wp-json\/wp\/v2\/pages"}],"about":[{"href":"https:\/\/my.vanderbilt.edu\/collegescholars\/wp-json\/wp\/v2\/types\/page"}],"author":[{"embeddable":true,"href":"https:\/\/my.vanderbilt.edu\/collegescholars\/wp-json\/wp\/v2\/users\/1393"}],"replies":[{"embeddable":true,"href":"https:\/\/my.vanderbilt.edu\/collegescholars\/wp-json\/wp\/v2\/comments?post=758"}],"version-history":[{"count":9,"href":"https:\/\/my.vanderbilt.edu\/collegescholars\/wp-json\/wp\/v2\/pages\/758\/revisions"}],"predecessor-version":[{"id":770,"href":"https:\/\/my.vanderbilt.edu\/collegescholars\/wp-json\/wp\/v2\/pages\/758\/revisions\/770"}],"wp:attachment":[{"href":"https:\/\/my.vanderbilt.edu\/collegescholars\/wp-json\/wp\/v2\/media?parent=758"}],"wp:term":[{"taxonomy":"post_tag","embeddable":true,"href":"https:\/\/my.vanderbilt.edu\/collegescholars\/wp-json\/wp\/v2\/tags?post=758"}],"curies":[{"name":"wp","href":"https:\/\/api.w.org\/{rel}","templated":true}]}}