{"id":121,"date":"2024-05-10T17:34:50","date_gmt":"2024-05-10T22:34:50","guid":{"rendered":"https:\/\/my.vanderbilt.edu\/constructivefunctions2025\/?page_id=121"},"modified":"2025-05-13T14:44:59","modified_gmt":"2025-05-13T19:44:59","slug":"participants","status":"publish","type":"page","link":"https:\/\/my.vanderbilt.edu\/constructivefunctions2025\/about-me\/participants\/","title":{"rendered":"Participants"},"content":{"rendered":"<p>Oluwaferanmi (David) Agbolade, Louisiana State University<br \/>\nAustin Anderson, Florida Polytechnic University<br \/>\nAleh (Oleg) Asipchuk, Florida International University<br \/>\nNadya Askaripour, University of Toronto Mississauga<br \/>\nSara Avesani, Universit\u00e0 della Svizzera Italiana<br \/>\nLaurent Baratchart, INRIA-Universite Cote d\u2019Azur<br \/>\nAhmad Barhoumi, KTH<br \/>\n\u00c1rp\u00e1d Baricz, Babe\u015f-Bolyai University\/\u00d3buda University<br \/>\nTomasz Beberok, University of Agriculture in Krakow<br \/>\nBernhard Beckermann, University of Lille<br \/>\nSergey Berezin, KU Leuven<br \/>\nDmitriy Bilyk, University of Minnesota<br \/>\nPeter Binev, University of South Carolina<br \/>\nSergiy Borodachov, Towson University<br \/>\nNattapong Bosuwan, Mahidol University<br \/>\nPeter Boyvalenkov, Bulgarian Academy of Sciences<br \/>\nJohann Brauchart, Technische Universit\u00e4t Graz<br \/>\nLudovico Bruni Bruno, Istituto Nazionale di Alta Matematica<br \/>\nMarco Cantarini, Universit\u00e0 degli Studi di Perugia<br \/>\nGiacomo Cappellazzo, Universit\u00e0 di Padova<br \/>\nDjalil Chafa\u00ef, DMA, \u00c9cole normale sup\u00e9rieure \u2013 PSL<br \/>\nDongwei Chen, Colorado State University<br \/>\nYong-Kum Cho, Chung-Ang University<br \/>\nJacob Christiansen, Lund University<br \/>\nSeok-Young Chung, University of Central Florida<br \/>\nAndres Contreras Hip, University of Chicago<br \/>\nDanilo Costarelli, Universit\u00e0 di Perugia<br \/>\nWolfgang Dahmen, University of South Carolina<br \/>\nSteve Damelin, zbMATH Open<br \/>\nArthur Danielyan, University of South Florida<br \/>\nMatthieu Darcy, Cal Tech<br \/>\nJohn Darges, Emory University<br \/>\nOleg Davydov, Justus-Liebig-University Gie\u00dfen<br \/>\nStefano De Marchi, Universita di Padova<br \/>\nThomas DeLillo, Wichita State University<br \/>\nSergey Denisov, U Wisconsin<br \/>\nMaxim Derevyagin, U Connecticut<br \/>\nPeter Dragnev, Purdue University \u2013 Fort Wayne<br \/>\nRobert Dukes, University of New Mexico<br \/>\nJerry Dwyer, University of Mississippi<br \/>\nGiacomo Elefante, Universita di Torino<br \/>\nMar\u00eda de Uju\u00e9 Etayo Rodr\u00edguez, CUNEF University<br \/>\nKean Fallon, Iowa State University<br \/>\nUlises Fidalgo-Prieto, Lorain College<br \/>\nNicholas Fisher, Portland State University<br \/>\nEdward Fuselier, High Point University<br \/>\nStephen Gardiner, University College Dublin<br \/>\nRoozbeh Gharakhloo, U California Santa Cruz<br \/>\nChristina Giannitsi, Vanderbilt University<br \/>\nAlexey Glazyrin, University of Texas-RGV<br \/>\nFelipe Goncalves, University of Texas at Austin<br \/>\nPeter Grabner, TU Graz<br \/>\nChristopher Green, Wichita State University<br \/>\nAussie Greene, Vanderbilt University<br \/>\nWilson Gregory, Johns Hopkins University<br \/>\nShuang Guan, Tufts University<br \/>\nMinh Ha, Georgia Southern University<br \/>\nAli Hakami, Saint Louis University<br \/>\nHarri Hakula, Aalto University<br \/>\nThomas Hangelbroek, University of Hawai\u2018i \u2013 Manoa<br \/>\nDoug Hardin, Vanderbilt University<br \/>\nNathan Hayford, KTH<br \/>\nElias Hess-Childs, Carnegie Mellon University<br \/>\nOlga Holtz, University of California-Berkeley<br \/>\nTsung-Wei Hu, University of Georgia<br \/>\nYi Hu, Georgia Southern University<br \/>\nXinpeng Huang, School of Geosciences and info-physics, Central South University<br \/>\nIonut Iacob, Georgia Southern University<br \/>\nJoey Iverson, Iowa State University<br \/>\nJohn Jasper, Air Force Institute of Technology<br \/>\nRobert Jenkins, University of Central Florida<br \/>\nKerstin Jordaan, UNISA<br \/>\nIan Jorquera, Colorado State University<br \/>\nLee Seon Jung, Johns Hopkins University<br \/>\nAlex Kasman, College of Charleston<br \/>\nAlexander Kheifets, University of Massachusetts Lowell<br \/>\nMichael Kiessling, The State University of New Jersey<br \/>\nEmily King, Colorado State University<br \/>\nBrit Kirwin, University of Maryland<br \/>\nGene Kopp, Louisianna State University<br \/>\nNikolas Koutroulakis, Georgia Southern University<br \/>\nLiudmyla Kryvonos, Vanderbilt University<br \/>\nArno Kuijlaars, KU Leuven<br \/>\nHunter La Croix, University of Notre Dame<br \/>\nMichael Lachance, University of Michigan-Dearborn<br \/>\nSampad Lahiry, KU Leuven\/ University of Melbourne<br \/>\nQuoc Thong Le Gia, UNSW<br \/>\nAlan Legg, Purdue University \u2013 Fort Wayne<br \/>\nVita Leonessa, University of Basilicata<br \/>\nPaul Leopardi, ACCESS-NRI, ANU<br \/>\nXin Li, University of Central Florida<br \/>\nEduardo Lima, Dept. EAPS, MIT<br \/>\nPeilin Liu, University of Sydney<br \/>\nGuillermo Lopez Lagomasino, Universidad Carlos III de Madrd<br \/>\nAbey L\u00f3pez-Garc\u00eda, University of Central Florida<br \/>\nPedro Ramon L\u00f3pez-G\u00f3mez, University of Cantabria<br \/>\nFederico Lot, Philipps Universit\u00e4t Marburg<br \/>\nAna Loureiro, University of Kent<br \/>\nDoron Lubinsky, Georgia Institute of Technology<br \/>\nAnton Lukyanenko, George Mason University<br \/>\nMauro Maggioni, Johns Hopkins Whiting School of Engineering<br \/>\nNeranjan Marasinghe, Texas Tech University<br \/>\nAndrei Martinez-Finkelshtein, Baylor University<br \/>\nJordi Marzo, University of Barcelona<br \/>\nVijay Matheswaran, Wichita State University<br \/>\nAna Matos, Universit\u00e9 de Lille<br \/>\nRyan Matzke, Vanderbilt University<br \/>\nMamadou Mboup, University of Reims Champagne Ardenne<br \/>\nBrendan Miller, Northern Illinois University<br \/>\nErwin Mi\u00f1a D\u00edaz, University of Mississippi<br \/>\nMatthew Mitchell, University of Central Florida<br \/>\nDustin Mixon, Ohio State Univesity<br \/>\nKenta Miyahara, Indiana University Indianapolis<br \/>\nLeslie Molag, Carlos III University of Madrid<br \/>\nLucia Morey, CRM &#8211; Universit\u00e9 de Montreal<br \/>\nOksana Motorna, Taras Shevchenko National University of Kyiv<br \/>\nNicolas Nagel, Chemnitz University of Technology<br \/>\nTakaaki Nara, Dept. Inform. Sci. &amp; Tech., Tokyo University<br \/>\nMohamed Nasser, Wichita State University<br \/>\nJoel Nathe, Purdue University<br \/>\nMasimba Nemaire, Dept. Maths., Universit\u00b4e Bordeaux<br \/>\nDustin Newland, Indiana University Indianapolis<br \/>\nRam\u00f3n Orive, Universidad de La Laguna<br \/>\nJoaquim Ortega-Cerd\u00e0, Universitat de Barcelona<br \/>\nDavid Padilla-Garza, Einstein Institute of Mathematics<br \/>\nYoung Woong Park, Chung-Ang University<br \/>\nLuke Peilen, Temple University<br \/>\nVladimir Peller, St.Petersburg State University<br \/>\nMichael Perlmutter, Boise State University<br \/>\nMichele Piconi, Universit\u00e0 di Perugia<br \/>\nMateusz Piorkowski, KTH<br \/>\nJill Pipher, Brown University<br \/>\nPietro Poggi-Corradini, Kansas State University<br \/>\nAlexander Polyanskii, Emory University<br \/>\nDmitry Ponomarev, INRIA-Universite Cote d\u2019Azur<br \/>\nKateryna Pozharska, TU Chemnitz<br \/>\nIgor Pritsker, Oklahoma State University<br \/>\nMihai Putinar, University of California at Santa Barbara<br \/>\nJiashu Ran, University of Alberta<br \/>\nAlexander Reznikov, Florida State University<br \/>\nChristian Rieger, Philipps-Universitat Marburg<br \/>\nDavid Roach, Murray State University<br \/>\nCristina Rodr\u00edguez Perales, Universidad de Almer\u00eda<br \/>\nMatthew Rosenzweig, Carnegie Mellon University<br \/>\nIan Ruohoniemi, University of Minnesota<br \/>\nEdward Saff, Vanderbilt University<br \/>\nJonathan Schillinger, Florida State University<br \/>\nKurt Schmidt, University of Central Florida<br \/>\nKylie Schnoor, Colorado State University<br \/>\nLarry Schumaker, Vanderbilt University<br \/>\nRaffaello Seri, University of Insubria<br \/>\nVarun Shankar, University of Utah<br \/>\nBoris Shekhtman, University of South Florida<br \/>\nZhaiming Shen, Georgia Institute of Technology<br \/>\nIgor Shevchuk, Taras Shevchenko National University of Kyiv<br \/>\nRuiwen Shu, University of Georgia<br \/>\nGuilherme Silva, Universidade de Sao Paolo, Sao Carlos<br \/>\nLeslaw Skrzypek, University of South Florida<br \/>\nIan Sloan, University of New South Wales<br \/>\nOleksii (Alexey) Solianyk (Solyanik), Odesa Polytechnic National University<br \/>\nTatyana Sorokina, Towson University<br \/>\nTetiana Stepaniuk, Institute of Mathematics in Ukraine<br \/>\nAlex Stokolos, Georgia Southern University<br \/>\nMaya Stoyanova, Sofia University<br \/>\nMarc Strauss, SpringerNature<br \/>\nShashank Sule, University of Maryland<br \/>\nYizhong Sun, Hong Kong Baptist University<br \/>\nBrandon Sweeting, Washington University in St. Luis<br \/>\nEitan Tadmor, University of Maryland<br \/>\nYe Tian, University of Georgia<br \/>\nAlexander Tovbis, University of Central Florida<br \/>\nNick Trefethen, Harvard University<br \/>\nGeorgios Tsikalas, Vanderbilt University<br \/>\nMarcus Vaktn\u00e4s, Uppsala University<br \/>\nWalter Van Assche, KU Leuven<br \/>\nVyron Vellis, University of Tennessee<br \/>\nCrist\u00f3bal Villalobos Guill\u00e9n, Dept. Maths., University of Vienna<br \/>\nOleksandr Vlasiuk, PTC<br \/>\nBrantley Vose, The Ohio State University<br \/>\nMatti Vuorinen, University of Turku<br \/>\nJoanna Wares, University of Richmond<br \/>\nJacob Andreas Cornelius Weideman, Stellenbosch University<br \/>\nHolger Wendland, University of Bayreuth<br \/>\nKarolina Wendland, TU Munich<br \/>\nTizian Wenzel, Ludwig Maximilian University<br \/>\nBrock Williams, Texas Tech University<br \/>\nRobert Womersley, University of New South Wales<br \/>\nHao-Ning Wu, University of Georgia<br \/>\nQile Yan, University of Minnesota<br \/>\nMaxim Yattselev, Indiana University Indianapolis<br \/>\nCheng-Jui Yeh, University of Minnesota<br \/>\nJiangyu Yu, Syracuse University<br \/>\nDavid Zhang, Stanford University<br \/>\nAshley Zhang, Vanderbilt University<br \/>\nMaxim Zinchenko, University of New Mexico<br \/>\nFatma Z\u00fcrnac\u0131 Yeti\u015f, Istanbul Technical University<\/p>\n","protected":false},"excerpt":{"rendered":"<p>Oluwaferanmi (David) Agbolade, Louisiana State University Austin Anderson, Florida Polytechnic University Aleh (Oleg) Asipchuk, Florida International University Nadya Askaripour, University of Toronto Mississauga Sara Avesani, Universit\u00e0 della Svizzera Italiana Laurent Baratchart, INRIA-Universite Cote d\u2019Azur Ahmad Barhoumi, KTH \u00c1rp\u00e1d Baricz, Babe\u015f-Bolyai University\/\u00d3buda University Tomasz Beberok, University of Agriculture in Krakow Bernhard Beckermann, University of Lille Sergey&#8230;<\/p>\n","protected":false},"author":10006,"featured_media":0,"parent":4,"menu_order":5,"comment_status":"closed","ping_status":"closed","template":"","meta":{"footnotes":""},"tags":[],"class_list":["post-121","page","type-page","status-publish","hentry"],"_links":{"self":[{"href":"https:\/\/my.vanderbilt.edu\/constructivefunctions2025\/wp-json\/wp\/v2\/pages\/121","targetHints":{"allow":["GET"]}}],"collection":[{"href":"https:\/\/my.vanderbilt.edu\/constructivefunctions2025\/wp-json\/wp\/v2\/pages"}],"about":[{"href":"https:\/\/my.vanderbilt.edu\/constructivefunctions2025\/wp-json\/wp\/v2\/types\/page"}],"author":[{"embeddable":true,"href":"https:\/\/my.vanderbilt.edu\/constructivefunctions2025\/wp-json\/wp\/v2\/users\/10006"}],"replies":[{"embeddable":true,"href":"https:\/\/my.vanderbilt.edu\/constructivefunctions2025\/wp-json\/wp\/v2\/comments?post=121"}],"version-history":[{"count":11,"href":"https:\/\/my.vanderbilt.edu\/constructivefunctions2025\/wp-json\/wp\/v2\/pages\/121\/revisions"}],"predecessor-version":[{"id":236,"href":"https:\/\/my.vanderbilt.edu\/constructivefunctions2025\/wp-json\/wp\/v2\/pages\/121\/revisions\/236"}],"up":[{"embeddable":true,"href":"https:\/\/my.vanderbilt.edu\/constructivefunctions2025\/wp-json\/wp\/v2\/pages\/4"}],"wp:attachment":[{"href":"https:\/\/my.vanderbilt.edu\/constructivefunctions2025\/wp-json\/wp\/v2\/media?parent=121"}],"wp:term":[{"taxonomy":"post_tag","embeddable":true,"href":"https:\/\/my.vanderbilt.edu\/constructivefunctions2025\/wp-json\/wp\/v2\/tags?post=121"}],"curies":[{"name":"wp","href":"https:\/\/api.w.org\/{rel}","templated":true}]}}