{"id":3,"date":"2016-09-06T16:37:15","date_gmt":"2016-09-06T16:37:15","guid":{"rendered":"https:\/\/my.vanderbilt.edu\/globalpathways2017\/homepage\/"},"modified":"2017-02-06T12:05:57","modified_gmt":"2017-02-06T17:05:57","slug":"homepage","status":"publish","type":"page","link":"https:\/\/my.vanderbilt.edu\/globalpathways2017\/","title":{"rendered":"Home"},"content":{"rendered":"<p style=\"text-align: center\"><strong>Global Pathways Summit 2017<\/strong><br \/>\n<strong> February 22nd \u2013 25th, 2017<\/strong><br \/>\n<strong> Nashville, Tennessee<\/strong><br \/>\nEDUCATION DRIVES CHANGE<br \/>\n\u00a8The Role of Education in Innovation\u00a8<\/p>\n<p>In a period of 20 years the city of Medellin evolved from being the most violent city in the world, to being internationally recognized as the most innovative city in the world.\u00a0\u00a0 This process of transformation was made possible by many key factors primarily:\u00a0 The metro system, Empresas Publicas de Medellin, Integrated Urban Plans, The Innovation District, (Ruta N) and most importantly Education and Culture.\u00a0 Placing Education and Culture high on the list of city priorities played a central role in the transformation of the city by bringing people together to move forward from traditional socio-economic paradigms and into the twenty first century.<\/p>\n<p>\u00a8Medellin La Mas Educada\u00a8\u00a0 (Medellin the Most Educated)<\/p>\n<p>The project began during the administration of Mayor Sergio Fajardo (2004-2007).\u00a0 This project is a city model based on education as the main tool for social transformation, and the creation of opportunities, to overcome inequity and to develop the skills needed for the twenty first century.\u00a0\u00a0\u00a0 This project sought to increase access and permanence in education for all the children and youth of Medellin.<\/p>\n<p>For 2017, the Colombo Americano, Tennessee State University and Vanderbilt University would like to coordinate the second International University summit to strengthen the academic bonds that exist between Colombia and the United States.\u00a0 The focus will be on how education drives change and can serve as tool for innovation.\u00a0\u00a0 The transformation of Medellin will be used as a case study.\u00a0 The summit will bring together universities from Colombia and a number of HBCUs along with universities and schools in the United States to discuss and analyze how Higher Education Institutions (HEI) can be instrumental in driving change and innovation in their communities. In Colombia we wish to work with smaller HEIs just beginning their process of internationalization, as we believe these are the institutions that are in greater need of this type of training. We will also be working with much more experienced universities as they can share best practices and guide the smaller HEIs in Colombia.\u00a0Attention will be given to innovative ways community and other institutions with limited funding can establish international opportunities for their students. Finally, priority will be given to universities that partner with Binational Centers (BNCs) and EducationUSA centers in Colombia to bring American Education and Culture to their cities.<\/p>\n<p>The 2017 Global Pathways Summit will be a three-day summit held at Higher Education Institutions in Nashville, TN (Tennessee State University, Vanderbilt University, and Belmont University).\u00a0 The summit will include presentations, case studies, open discussions and forums, institutional visits, cultural presentations, and one-on-one meeting sessions.<\/p>\n<hr \/>\n<p style=\"text-align: center\"><strong>Global Pathways Summit 2017<\/strong><br \/>\n<strong>Febrero 22 \u2013 25, 2017<\/strong><br \/>\n<strong>Nashville, Tennessee<\/strong><br \/>\nLA EDUCACION IMPULSA EL CAMBIO<br \/>\n&#8220;El Rol de la Educaci\u00f3n en la Innovaci\u00f3n\u00a8<\/p>\n<p>El Colombo Americano de Medell\u00edn ha sido por los \u00faltimos 70 a\u00f1os un promotor de intercambio cultural y acad\u00e9mico entre Colombia y los Estados Unidos. A trav\u00e9s de su oficina de consejer\u00eda <strong>EducationUSA<\/strong> y sus programas de intercambio cultural ha ayudado a organizaciones colombianas y americanas a establecer colaboraciones que dan como resultado un mayor intercambio acad\u00e9mico. \u00a0En el 2016 colaboramos con Partners Achieving Success, La Universidad EAFIT, La Universidad de Antioquia y la Ciudadela Universitaria Pedro Nel G\u00f3mez,\u00a0 alcanzando un \u00e9xito hist\u00f3rico en la primera cumbre de universidades Afro Americanas realizado en Medell\u00edn- Colombia. Como resultado de esta cumbre,\u00a0 se lograron nuevos acuerdos universitarios y un modelo para establecer un Centro de Excelencia e Investigaci\u00f3n en Medell\u00edn.<\/p>\n<p>Para el a\u00f1o 2017 la Universidad Estatal de Tennessee se ha asociado con la Universidad Vanderbilt y la Universidad Belmont \u00a0para realizar la segunda cumbre Internacional de universidades y fortalecer los lazos acad\u00e9micos que existen entre Colombia y los Estados Unidos. El enfoque de esta cumbre ser\u00e1 el rol que la educaci\u00f3n juega en la Innovaci\u00f3n. La transformaci\u00f3n de Medell\u00edn \u2013 Colombia ser\u00e1 usada como un ejemplo para mostrar como la educaci\u00f3n y la cultura pueden impulsar el cambio en las comunidades. La cumbre reunir\u00e1 a universidades de Colombia y un gran n\u00famero de universidades Afro Americanas universidades de Estados Unidos para discutir y analizar como las instituciones de educaci\u00f3n superior pueden ser un instrumento para impulsar el cambio y la innovaci\u00f3n en sus comunidades. El objetivo de esta cumbre ser\u00e1 traer de 50-60 instituciones de educaci\u00f3n superior de Colombia y Estados Unidos a la ciudad de Nashville para compartir mejores pr\u00e1cticas e incrementar la movilidad cultural y acad\u00e9mica entre ambas naciones.<\/p>\n<p>Global Pathways Summit 2017 ser\u00e1 una cumbre de tres d\u00edas que tendr\u00e1 lugar en Nashville, TN. La cumbre incluir\u00e1 presentaciones, discusiones abiertas y foros, visitas institucionales, presentaciones culturales, sesiones de reuni\u00f3n uno a uno, y se cerrar\u00e1 con una exposici\u00f3n cultural que incluir\u00e1 una exposici\u00f3n de arte del laboratorio socio-art\u00edstico Desearte Paz y una presentaci\u00f3n musical.<\/p>\n","protected":false},"excerpt":{"rendered":"<p>Global Pathways Summit 2017 February 22nd \u2013 25th, 2017 Nashville, Tennessee EDUCATION DRIVES CHANGE \u00a8The Role of Education in Innovation\u00a8 In a period of 20 years the city of Medellin evolved from being the most violent city in the world, &hellip; <a href=\"https:\/\/my.vanderbilt.edu\/globalpathways2017\/\">Continue reading <span class=\"meta-nav\">&rarr;<\/span><\/a><\/p>\n","protected":false},"author":4807,"featured_media":0,"parent":0,"menu_order":0,"comment_status":"closed","ping_status":"closed","template":"","meta":{"footnotes":""},"class_list":["post-3","page","type-page","status-publish","hentry"],"_links":{"self":[{"href":"https:\/\/my.vanderbilt.edu\/globalpathways2017\/wp-json\/wp\/v2\/pages\/3","targetHints":{"allow":["GET"]}}],"collection":[{"href":"https:\/\/my.vanderbilt.edu\/globalpathways2017\/wp-json\/wp\/v2\/pages"}],"about":[{"href":"https:\/\/my.vanderbilt.edu\/globalpathways2017\/wp-json\/wp\/v2\/types\/page"}],"author":[{"embeddable":true,"href":"https:\/\/my.vanderbilt.edu\/globalpathways2017\/wp-json\/wp\/v2\/users\/4807"}],"replies":[{"embeddable":true,"href":"https:\/\/my.vanderbilt.edu\/globalpathways2017\/wp-json\/wp\/v2\/comments?post=3"}],"version-history":[{"count":18,"href":"https:\/\/my.vanderbilt.edu\/globalpathways2017\/wp-json\/wp\/v2\/pages\/3\/revisions"}],"predecessor-version":[{"id":227,"href":"https:\/\/my.vanderbilt.edu\/globalpathways2017\/wp-json\/wp\/v2\/pages\/3\/revisions\/227"}],"wp:attachment":[{"href":"https:\/\/my.vanderbilt.edu\/globalpathways2017\/wp-json\/wp\/v2\/media?parent=3"}],"curies":[{"name":"wp","href":"https:\/\/api.w.org\/{rel}","templated":true}]}}