{"id":85,"date":"2016-09-26T10:53:48","date_gmt":"2016-09-26T15:53:48","guid":{"rendered":"https:\/\/my.vanderbilt.edu\/globalpathways2017\/?page_id=85"},"modified":"2017-02-24T14:42:47","modified_gmt":"2017-02-24T19:42:47","slug":"schedule","status":"publish","type":"page","link":"https:\/\/my.vanderbilt.edu\/globalpathways2017\/schedule\/","title":{"rendered":"Program"},"content":{"rendered":"<p><strong>GLOBAL PATHWAYS SUMMIT<\/strong><br \/>\n<strong>FEBRUARY 22 \u2013 25, 2017<\/strong><br \/>\nEDUCATION DRIVES CHANGE<br \/>\n\u00a8The Role of Education in Innovation\u00a8<\/p>\n<p><strong><span style=\"text-decoration: underline\">Tuesday, February 21, 2017<\/span>\u00a0<\/strong>Travel Day: Pickup from Airport (not included)<\/p>\n<p><strong><span style=\"text-decoration: underline\">Wednesday, February 22nd, 2017<\/span> at Tennessee State University\u00a0<\/strong><br \/>\n*\u00a0<em>simultaneous interpretation provided<\/em><\/p>\n<p style=\"padding-left: 30px\">2:00 &amp; 2:15 p.m. Bus departs from Homewood Suites hotel to Tennessee State University (included)<\/p>\n<p style=\"padding-left: 30px\">3:00 p.m. <strong>Welcome and Opening Plenary*\u00a0<\/strong><em>Avon Williams Campus Auditorium<\/em><br \/>\n&#8211; Jewell Winn, Executive Director for International Programs, Tennessee State University<br \/>\n&#8211; Glenda Glover, President, Tennessee State University<br \/>\n&#8211; Flora Tydings, Chancellor, Tennessee Board of Regents system<br \/>\n&#8211; Joe Dipietro, President, University of Tennessee<br \/>\n&#8211; Rep. Harry Brooks, Chairman, House Education Committee<br \/>\n&#8211; Pat Ryan, Tennessee World Affairs Council<br \/>\n&#8211; Maritza Gonz\u00e1lez, Executive Officer for Equity and Diversity, Metro Nashville Public Schools<\/p>\n<p style=\"padding-left: 30px\">3:45 p.m. <strong>Summit Overview*<\/strong><\/p>\n<p style=\"padding-left: 30px\">4:00 p.m. <strong>Colombian Representatives Welcome*<\/strong><br \/>\n&#8211; Michael Cooper, Director General, Centro Colombo Americano Medell\u00edn<br \/>\n&#8211; Marcela Wolff Lopez, Director of International Relations, Universidad EAFIT<br \/>\n&#8211; Maria Fernanda Vega, Director of Cooperation and International Relations, Instituto Tecnol\u00f3gico Metropoliano<\/p>\n<p style=\"padding-left: 30px\">4:15 p.m.<strong> Ice Breaker and Structured Networking<\/strong><\/p>\n<p style=\"padding-left: 30px\">5:30 p.m. <strong>Reception and Cultural Presentation<\/strong><\/p>\n<p style=\"padding-left: 30px\">7:00 &amp; 7:30 p.m. Bus departs\u00a0to Homewood Suites hotel (included)<\/p>\n<p><strong><span style=\"text-decoration: underline\">Thursday, February 23rd, 2017<\/span> at Vanderbilt University<\/strong><br \/>\n*\u00a0<em>simultaneous interpretation provided<\/em><\/p>\n<p style=\"padding-left: 30px\">8:00 &amp; 8:15 a.m. Bus departs Homewood Suites hotel to Vanderbilt (included)<\/p>\n<p style=\"padding-left: 30px\">9:00 a.m. <strong>Welcome to Vanderbilt*<\/strong> <em>Library Community Room<\/em><br \/>\n&#8211; Avery Dickins de Gir\u00f3n, Executive Director, Center for Latin American Studies, Vanderbilt University<br \/>\n&#8211; Ted Fischer, Cornelius Vanderbilt Chair of Anthropology; Director, Center for Latin American Studies, Vanderbilt University<\/p>\n<p style=\"padding-left: 30px\">9:30 a.m. <span style=\"color: #000000\"><strong>Plenary*\u00a0<\/strong><em>Library Community Room <\/em><\/span><br \/>\n&#8211; Mauricio Alviar, President, Universidad de Antioquia<\/p>\n<p style=\"padding-left: 30px\">10:15 a.m.<strong>\u00a0Break<\/strong><\/p>\n<p style=\"padding-left: 30px\">10:30 a.m. <strong>CONCURRENT SESSIONS\u00a0I\u00a0<\/strong><a href=\"https:\/\/my.vanderbilt.edu\/globalpathways2017\/abstracts\/\"><em>view abstracts<\/em><\/a><br \/>\nA) <strong>Tools for Intentional Excellence as a Culturally Diverse 21st Century Global Leader*<\/strong> <em>Library Community Room <\/em><br \/>\n&#8211; Rubin Cockrell, CEO, Positive Images &amp; Associates<\/p>\n<p style=\"padding-left: 30px\">B) <strong>How Can EducationUSA Increase Student Mobility<\/strong> <em>Buttrick Hall Room 123<\/em><br \/>\n&#8211; Ana Villavicencio, Regional Educational Advisor Coordinator, EducationUSA<br \/>\n&#8211; Erika Lopez EducationUSA Advisor, Centro Colombo Americano Medell\u00edn<\/p>\n<p style=\"padding-left: 30px\">C) <strong>Memorandum of Understanding (MOU) \u2013 The Virtuous Cycle of Collaborations for Internationalization<\/strong> <em>Library Room 418A<\/em><br \/>\n&#8211; Mark Gunter, Director, International Student Services, Tennessee State University<br \/>\n&#8211; Mark Brinkley, Director, International Education, Tennessee State University<\/p>\n<p style=\"padding-left: 30px\">D) <strong>Innovaci\u00f3n social desde la Educaci\u00f3n- Interacci\u00f3n Universidad- Empresa- Estado<\/strong> <em>Penn Warren Center<\/em><br \/>\n&#8211; Francisco Javier Gallego Restrepo, Academic Director, Esumer<\/p>\n<p style=\"padding-left: 30px\">11:30 a.m. <strong>Lunch <\/strong>(provided)\u00a0<em>Library Community Room <\/em><\/p>\n<p style=\"padding-left: 30px\">12:30 p.m.<strong> CONCURRENT SESSIONS\u00a0II\u00a0<\/strong><a href=\"https:\/\/my.vanderbilt.edu\/globalpathways2017\/abstracts-2\/\"><em>view abstracts<\/em><\/a><br \/>\nA) <strong>How We Can Better Assist First-Year International Students in Tennessee through First Year Experience Program?*<\/strong> <em>Library Community Room <\/em><br \/>\n&#8211; Takeo Suzuki, Executive Director, Office of International Programs, University of Tennessee at Chattanooga<\/p>\n<p style=\"padding-left: 30px\">B) <strong>Cultural Exchange and Academic Mobility<\/strong> <em>Buttrick Hall Room 123<\/em><br \/>\n&#8211; Michael Cooper, General Director, Centro Colombo Americano Medell\u00edn<br \/>\n&#8211; Luisa Mejia, Special Projects Director, Centro Colombo Americano Medell\u00edn<\/p>\n<p style=\"padding-left: 30px\">C) <strong>Benefits of Working with a Network of Universities<\/strong> <em>Library Room 418A<\/em><br \/>\n&#8211; Marcela Wolff Lopez, Director, International Relations, EAFIT University<\/p>\n<p style=\"padding-left: 30px\">D) <strong>UNIMINUTO in Africa: Establishing Higher Education Initiatives and Exchanges that Promote Human Development<\/strong> <em>Library Room 800BB<\/em><br \/>\n&#8211; Mauricio Izquierdo, Head of International Affairs, Uniminuto University<\/p>\n<p style=\"padding-left: 30px\">1:30 p.m. <strong>Break<\/strong><\/p>\n<p style=\"padding-left: 30px\">1:45 p.m. <strong>CONCURRENT SESSIONS\u00a0III\u00a0<\/strong><a href=\"https:\/\/my.vanderbilt.edu\/globalpathways2017\/abstracts-3\/\"><em>view abstracts<\/em><\/a><br \/>\nA) <strong>Institutional Partnerships: A Model for Creating International Studies Programs*<\/strong> <em>Library Community Room<\/em><br \/>\n&#8211; Erica Volkers, Dean of Communication, Central New Mexico Community College, Humanities and Social Sciences<br \/>\n&#8211; Amanda Wolfe, Associate Director, Latin American and Iberian Institute, University of New Mexico<\/p>\n<p style=\"padding-left: 30px\">B) <strong>Futuro: Promoting Latino Student Engagement<\/strong> <em>Library Room 418A<\/em><br \/>\n&#8211; Ann Gillespie, Tennessee Latin American Chamber of Commerce<br \/>\n&#8211;\u00a0Jennifer Novo, Director of the ACE Center, Cumberland University<br \/>\n&#8211; Student, Cumberland University<\/p>\n<p style=\"padding-left: 30px\">C) <strong>Itacas \u2013 Alliance for Interculturality and Sustainability<\/strong> <em>Penn Warren Center<\/em><br \/>\n&#8211; Carolina Franco-Arroyave, Head of International Office, Tecnologico de Antioquia IU<br \/>\n&#8211; Natalia Marin, Head of International Relations, IUE<br \/>\n&#8211;\u00a0Maria Fernanda Vega, Director of Cooperation and International Relations, Instituto Tecnol\u00f3gico Metropoliano<\/p>\n<p style=\"padding-left: 30px\">D) <strong>Creating International Exchanges through Music<\/strong> <em>Buttrick Hall Room 123<\/em><br \/>\n&#8211; Tom Verrier, Senior Band Conductor, Blair School of Music, Vanderbilt University<br \/>\n&#8211; Ryan Middagh, Director of Jazz Studies, Blair School of Music, Vanderbilt University<\/p>\n<p style=\"padding-left: 30px\">2:45 p.m. <strong>Coffee\u00a0<\/strong><strong>Break<\/strong><\/p>\n<p style=\"padding-left: 30px\">3:00 p.m. <strong>Partnership Exchange and Networking\u00a0<\/strong><em>Library Community Room <\/em><\/p>\n<p style=\"padding-left: 30px\">4:00 p.m. <strong>Closing*<\/strong><span style=\"color: #000000\"> <em>Library Community Room<\/em><\/span><\/p>\n<p style=\"padding-left: 30px\">4:30 p.m. <strong>Welcome and Remarks about Colombiana Collection<\/strong><br \/>\n&#8211; Paula Covington, Bibliographer, Center for Latin American Studies, Vanderbilt<\/p>\n<p style=\"padding-left: 30px\">4:45 p.m. <strong>Vanderbilt Reception in Special Collections<\/strong> <em>Library Special Collections\u00a0<\/em>(heavy hors d\u2019oeuvres included)<\/p>\n<p style=\"padding-left: 30px\">6:00 &amp; 6:30 p.m. Bus departs to Homewood Suites hotel (included)<\/p>\n<p><strong><span style=\"text-decoration: underline\">Friday, February 24, 2017<\/span> at Belmont University<\/strong><br \/>\n*\u00a0<em>simultaneous interpretation provided<\/em><\/p>\n<p style=\"padding-left: 30px\">7:30 &amp; 7:45 a.m. Bus departs Homewood Suites hotel to Belmont University (included)<\/p>\n<p style=\"padding-left: 30px\">8:30 a.m. <strong>Colombia\u00a0Tierra Querida\u00a0<\/strong><em>Ayers 4094<\/em><br \/>\n&#8211; Luke Putney, Student at Belmont University<\/p>\n<p style=\"padding-left: 30px\">8:35 a.m. <strong>Welcome to Belmont*\u00a0<\/strong><em>Ayers 4094<\/em><br \/>\n&#8211; Mimi Barnard, Associate Provost for Interdisciplinary Studies and Global Education, Belmont University<\/p>\n<p style=\"padding-left: 30px\">8:45 a.m. <strong>Opening Plenary Session*\u00a0<\/strong><em>Ayers 4094<\/em><br \/>\n&#8211; Ted Townsend, Chief Operating Officer, Tennessee Department of Economic and Community Development<\/p>\n<p style=\"padding-left: 30px\">9:45 a.m. <strong>Coffee Break<\/strong><\/p>\n<p style=\"padding-left: 30px\">10:00 a.m. <strong>Corporate and Academic Panel Discussion \u201cDeveloping a Global Workforce\u201d\u00a0<\/strong><em>Ayers 4094<\/em><br \/>\n&#8211; Jeff Overby, Professor of Marketing and International Business Director, Belmont University<br \/>\n&#8211; Lori Odom, Director of International Business, Nashville Area Chamber of Commerce Cat Finance representative<br \/>\n&#8211; Pat Raines, Dean and Professor of Economics, Belmont University<br \/>\n&#8211; Evan Metcalf, Customer Relations Representative, Caterpillar Financial Services Corporation<br \/>\n&#8211; Jos\u00e9 N\u00fa\u00f1ez Abe, Manager Marketing Center of Excellence, Caterpillar Financial Services<br \/>\n<em>&#8211; Moderated by: <\/em>Jose Gonzalez, Instructor of Entrepreneurship and Management, Belmont University<\/p>\n<p style=\"padding-left: 30px\">11:30 a.m. <strong>Lunch<\/strong> (provided), <strong>Presidential Panel*\u00a0<\/strong><em>Ayers 4094<\/em><br \/>\n&#8211; Bob Fisher, President, Belmont University<br \/>\n&#8211; Alisa White, President, Austin Peay State University<br \/>\n&#8211; Maria Victoria Mej\u00eda, President, Instituto Tecnol\u00f3gico Metropolitano<br \/>\n&#8211; Jorge Osorio, President, Universidad CES<br \/>\n&#8211;\u00a0<em>Moderated by:<\/em>\u00a0Jewell Winn, Executive Director for International Programs, Tennessee State University<\/p>\n<p style=\"padding-left: 30px\">1:30 p.m. <strong>CONCURRENT SESSIONS\u00a0IV\u00a0<\/strong><a href=\"https:\/\/my.vanderbilt.edu\/globalpathways2017\/abstracts-4\/\"><em>view abstracts<\/em><\/a><br \/>\nA) <strong>The Multicultural Lens: Agility and Compatibility\u00a0<\/strong><em>Inman 404<\/em><br \/>\n&#8211; Ann Gillespie, Tennessee Latin American Chamber of Commerce<br \/>\n&#8211; Marcela Gomez, President, Tennessee Latin American Chamber of Commerce<\/p>\n<p style=\"padding-left: 30px\">B) <strong>The Bridging Project: Using Place-Based Learning, Community Connections, and Augmented Reality to Promote Matriculation in Post-Secondary Language Studies\u00a0<\/strong><em>Inman 405<\/em><br \/>\n&#8211; Stephanie Knight, Center for Applied Second Language Studies, University of Oregon<br \/>\n&#8211; Marilyn Mi, Portland Public Schools<\/p>\n<p style=\"padding-left: 30px\">C) <strong>Universidad de los Ni\u00f1os: A K-16 Model in Colombia\u00a0<\/strong><em>Inman 406<\/em><br \/>\n&#8211; Ana Maria Londo\u00f1o, Jefe Universidad de Los Ni\u00f1os, EAFIT University<br \/>\n&#8211; Marcela Wolff Lopez, Director of International Relations, EAFIT University<\/p>\n<p style=\"padding-left: 30px\">D) <strong>Experience at CES University on Education Models for Innovation\u00a0<\/strong><em>Inman 407<\/em><br \/>\n&#8211; Rub\u00e9n Dario Manrique, Director, Research and Innovation, CES University<br \/>\n-Jorge Julian Osorio<br \/>\n&#8211; Juan Jaime Arroyave<\/p>\n<p style=\"padding-left: 30px\">3:00 p.m. <strong>Closing\u00a0<\/strong><em>Frist Lecture Hall<\/em><\/p>\n<p style=\"padding-left: 30px\">3:30 &amp; 4:00 p.m. Bus departs to Homewood Suites (included)<\/p>\n<p style=\"padding-left: 30px\">[Break]<\/p>\n<p style=\"padding-left: 30px\">5:30 &amp; 6:00 p.m. Bus departs from Homewood Suites to Bridgestone Arena (included)<\/p>\n<p style=\"padding-left: 30px\">6:30 p.m. <strong>Closing Reception<\/strong>, <em>Bridgestone Arena Patron Platinum Club<\/em> (heavy hors d\u2019oeuvres included)<\/p>\n<p style=\"padding-left: 30px\">9:00 &amp; 9:30 p.m. Bus departs from Reception to Homewood Suites (included)<\/p>\n<p>&nbsp;<\/p>\n","protected":false},"excerpt":{"rendered":"<p>GLOBAL PATHWAYS SUMMIT FEBRUARY 22 \u2013 25, 2017 EDUCATION DRIVES CHANGE \u00a8The Role of Education in Innovation\u00a8 Tuesday, February 21, 2017\u00a0Travel Day: Pickup from Airport (not included) Wednesday, February 22nd, 2017 at Tennessee State University\u00a0 *\u00a0simultaneous interpretation provided 2:00 &amp; &hellip; <a href=\"https:\/\/my.vanderbilt.edu\/globalpathways2017\/schedule\/\">Continue reading <span class=\"meta-nav\">&rarr;<\/span><\/a><\/p>\n","protected":false},"author":4807,"featured_media":0,"parent":0,"menu_order":0,"comment_status":"closed","ping_status":"closed","template":"","meta":{"footnotes":""},"class_list":["post-85","page","type-page","status-publish","hentry"],"_links":{"self":[{"href":"https:\/\/my.vanderbilt.edu\/globalpathways2017\/wp-json\/wp\/v2\/pages\/85","targetHints":{"allow":["GET"]}}],"collection":[{"href":"https:\/\/my.vanderbilt.edu\/globalpathways2017\/wp-json\/wp\/v2\/pages"}],"about":[{"href":"https:\/\/my.vanderbilt.edu\/globalpathways2017\/wp-json\/wp\/v2\/types\/page"}],"author":[{"embeddable":true,"href":"https:\/\/my.vanderbilt.edu\/globalpathways2017\/wp-json\/wp\/v2\/users\/4807"}],"replies":[{"embeddable":true,"href":"https:\/\/my.vanderbilt.edu\/globalpathways2017\/wp-json\/wp\/v2\/comments?post=85"}],"version-history":[{"count":88,"href":"https:\/\/my.vanderbilt.edu\/globalpathways2017\/wp-json\/wp\/v2\/pages\/85\/revisions"}],"predecessor-version":[{"id":353,"href":"https:\/\/my.vanderbilt.edu\/globalpathways2017\/wp-json\/wp\/v2\/pages\/85\/revisions\/353"}],"wp:attachment":[{"href":"https:\/\/my.vanderbilt.edu\/globalpathways2017\/wp-json\/wp\/v2\/media?parent=85"}],"curies":[{"name":"wp","href":"https:\/\/api.w.org\/{rel}","templated":true}]}}