{"id":2,"date":"2017-11-07T22:08:02","date_gmt":"2017-11-07T22:08:02","guid":{"rendered":"https:\/\/my.vanderbilt.edu\/latinamericanimages\/?page_id=2"},"modified":"2019-04-16T20:59:08","modified_gmt":"2019-04-16T20:59:08","slug":"past-entries","status":"publish","type":"page","link":"https:\/\/my.vanderbilt.edu\/latinamericanimages\/past-entries\/","title":{"rendered":"Entries from Previous Competitions"},"content":{"rendered":"<div id='gallery-1' class='gallery galleryid-2 gallery-columns-1 gallery-size-full'><figure class='gallery-item'>\n\t\t\t<div class='gallery-icon landscape'>\n\t\t\t\t<a href='https:\/\/cdn.vanderbilt.edu\/t2-my\/my-prd\/wp-content\/uploads\/sites\/2683\/2017\/11\/Tango-San-Telmo.jpg'><img loading=\"lazy\" decoding=\"async\" width=\"800\" height=\"600\" src=\"https:\/\/cdn.vanderbilt.edu\/t2-my\/my-prd\/wp-content\/uploads\/sites\/2683\/2017\/11\/Tango-San-Telmo.jpg\" class=\"attachment-full size-full\" alt=\"\" aria-describedby=\"gallery-1-41\" \/><\/a>\n\t\t\t<\/div>\n\t\t\t\t<figcaption class='wp-caption-text gallery-caption' id='gallery-1-41'>\n\t\t\t\t&#8220;In the streets of San Telmo in Buenos Aires, Argentina tango pours out of the shops during the weekend market and a couple enjoys a tango together. I could picture them dancing like that 40 years ago. I love how this captures Buenos Aires (mate, tango, colors and all).&#8221;\n\t\t\t\t<\/figcaption><\/figure><figure class='gallery-item'>\n\t\t\t<div class='gallery-icon landscape'>\n\t\t\t\t<a href='https:\/\/cdn.vanderbilt.edu\/t2-my\/my-prd\/wp-content\/uploads\/sites\/2683\/2017\/11\/SAM_2015.jpg'><img loading=\"lazy\" decoding=\"async\" width=\"800\" height=\"600\" src=\"https:\/\/cdn.vanderbilt.edu\/t2-my\/my-prd\/wp-content\/uploads\/sites\/2683\/2017\/11\/SAM_2015.jpg\" class=\"attachment-full size-full\" alt=\"\" aria-describedby=\"gallery-1-40\" \/><\/a>\n\t\t\t<\/div>\n\t\t\t\t<figcaption class='wp-caption-text gallery-caption' id='gallery-1-40'>\n\t\t\t\t&#8220;Waiting for a ferry in Haiti, I went down to the beach to see what these boys were doing. Their attention was focused on a shell and what was inside. They patiently waited for the inhabitant of the shell to produce some action as well as tried to engage it. At one point, the mollusk did make an appearance and it was at that moment this picture was captured.&#8221;\n\t\t\t\t<\/figcaption><\/figure><figure class='gallery-item'>\n\t\t\t<div class='gallery-icon landscape'>\n\t\t\t\t<a href='https:\/\/cdn.vanderbilt.edu\/t2-my\/my-prd\/wp-content\/uploads\/sites\/2683\/2017\/11\/Photo-competition-1.jpg'><img loading=\"lazy\" decoding=\"async\" width=\"800\" height=\"600\" src=\"https:\/\/cdn.vanderbilt.edu\/t2-my\/my-prd\/wp-content\/uploads\/sites\/2683\/2017\/11\/Photo-competition-1.jpg\" class=\"attachment-full size-full\" alt=\"\" aria-describedby=\"gallery-1-39\" \/><\/a>\n\t\t\t<\/div>\n\t\t\t\t<figcaption class='wp-caption-text gallery-caption' id='gallery-1-39'>\n\t\t\t\t&#8220;Every year, Recife residents leave en masse to the interior to celebrate the S\u00cc\u00a3o Jo\u00cc\u00a3o season, abandoning their urban and modern city for the Northeastern countryside and the bucolic traditions of their past. Once considered antagonistic to &#8220;&#8221;civilization&#8221;&#8221; and &#8220;&#8221;modernity&#8221;&#8221;, the agrarian interior is the heart of Northeastern culture which radiates across all of Brazil, from Forr\u00cc_ music to traditional corn-based foods. &#8220;\n\t\t\t\t<\/figcaption><\/figure><figure class='gallery-item'>\n\t\t\t<div class='gallery-icon landscape'>\n\t\t\t\t<a href='https:\/\/cdn.vanderbilt.edu\/t2-my\/my-prd\/wp-content\/uploads\/sites\/2683\/2017\/11\/P8180167.jpg'><img loading=\"lazy\" decoding=\"async\" width=\"800\" height=\"600\" src=\"https:\/\/cdn.vanderbilt.edu\/t2-my\/my-prd\/wp-content\/uploads\/sites\/2683\/2017\/11\/P8180167.jpg\" class=\"attachment-full size-full\" alt=\"\" aria-describedby=\"gallery-1-38\" \/><\/a>\n\t\t\t<\/div>\n\t\t\t\t<figcaption class='wp-caption-text gallery-caption' id='gallery-1-38'>\n\t\t\t\t&#8220;This photo of Iguazu Falls was taken during my semester abroad in Buenos Aires, Argentina. The 18 hour bus ride was well worth the sight of the most beautiful place on earth.&#8221;\n\t\t\t\t<\/figcaption><\/figure><figure class='gallery-item'>\n\t\t\t<div class='gallery-icon landscape'>\n\t\t\t\t<a href='https:\/\/cdn.vanderbilt.edu\/t2-my\/my-prd\/wp-content\/uploads\/sites\/2683\/2017\/11\/P6190051_2.jpg'><img loading=\"lazy\" decoding=\"async\" width=\"749\" height=\"600\" src=\"https:\/\/cdn.vanderbilt.edu\/t2-my\/my-prd\/wp-content\/uploads\/sites\/2683\/2017\/11\/P6190051_2.jpg\" class=\"attachment-full size-full\" alt=\"\" aria-describedby=\"gallery-1-37\" \/><\/a>\n\t\t\t<\/div>\n\t\t\t\t<figcaption class='wp-caption-text gallery-caption' id='gallery-1-37'>\n\t\t\t\t&#8220;I took this picture while I was in S\u00cc\u00a3o Paulo, Brazil this summer as part of the Vanderbilt-Tulane summer portuguese program. My class went on a trip to visit the Mercado Municipal, the old center city market that is famous for its selection of meats that are made into mortadella sandwiches. I found this display of meats to be wonderfully foreign and beautiful for the US viewer.&#8221;\n\t\t\t\t<\/figcaption><\/figure><figure class='gallery-item'>\n\t\t\t<div class='gallery-icon portrait'>\n\t\t\t\t<a href='https:\/\/cdn.vanderbilt.edu\/t2-my\/my-prd\/wp-content\/uploads\/sites\/2683\/2017\/11\/Maya-man.jpg'><img loading=\"lazy\" decoding=\"async\" width=\"600\" height=\"800\" src=\"https:\/\/cdn.vanderbilt.edu\/t2-my\/my-prd\/wp-content\/uploads\/sites\/2683\/2017\/11\/Maya-man.jpg\" class=\"attachment-full size-full\" alt=\"\" aria-describedby=\"gallery-1-36\" \/><\/a>\n\t\t\t<\/div>\n\t\t\t\t<figcaption class='wp-caption-text gallery-caption' id='gallery-1-36'>\n\t\t\t\tI had never seen Maya men in pants like these and loved the green wall and purplish maroon contrast.\n\t\t\t\t<\/figcaption><\/figure><figure class='gallery-item'>\n\t\t\t<div class='gallery-icon landscape'>\n\t\t\t\t<a href='https:\/\/cdn.vanderbilt.edu\/t2-my\/my-prd\/wp-content\/uploads\/sites\/2683\/2017\/11\/JE-Haitian-Woman-COlor.jpg'><img loading=\"lazy\" decoding=\"async\" width=\"800\" height=\"600\" src=\"https:\/\/cdn.vanderbilt.edu\/t2-my\/my-prd\/wp-content\/uploads\/sites\/2683\/2017\/11\/JE-Haitian-Woman-COlor.jpg\" class=\"attachment-full size-full\" alt=\"\" aria-describedby=\"gallery-1-35\" \/><\/a>\n\t\t\t<\/div>\n\t\t\t\t<figcaption class='wp-caption-text gallery-caption' id='gallery-1-35'>\n\t\t\t\t&#8220;This photo was taken in Villa Guerrero, El Seibo, La Rep\u00cc\u00bcblica Dominicana in April 2010. This is a Haitian-Dominican woman preparing a batch of dulce de man\u00cc_ (peanut sweet) in her home. Many Haitian-Dominicans sell dulce de man\u00cc_ in the streets and at bus stops for income.&#8221;\n\t\t\t\t<\/figcaption><\/figure><figure class='gallery-item'>\n\t\t\t<div class='gallery-icon portrait'>\n\t\t\t\t<a href='https:\/\/cdn.vanderbilt.edu\/t2-my\/my-prd\/wp-content\/uploads\/sites\/2683\/2017\/11\/Izabelita_fbretones.jpg'><img loading=\"lazy\" decoding=\"async\" width=\"380\" height=\"600\" src=\"https:\/\/cdn.vanderbilt.edu\/t2-my\/my-prd\/wp-content\/uploads\/sites\/2683\/2017\/11\/Izabelita_fbretones.jpg\" class=\"attachment-full size-full\" alt=\"\" aria-describedby=\"gallery-1-34\" \/><\/a>\n\t\t\t<\/div>\n\t\t\t\t<figcaption class='wp-caption-text gallery-caption' id='gallery-1-34'>\n\t\t\t\t&#8220;This was taken during a family trip to Peru. It was a dull day at Lake Titicaca, but this girl, Izabel, was so colorful, she lightened up the spirits of the whole group.&#8221;\n\t\t\t\t<\/figcaption><\/figure><figure class='gallery-item'>\n\t\t\t<div class='gallery-icon landscape'>\n\t\t\t\t<a href='https:\/\/cdn.vanderbilt.edu\/t2-my\/my-prd\/wp-content\/uploads\/sites\/2683\/2017\/11\/IMG_0761.jpg'><img loading=\"lazy\" decoding=\"async\" width=\"803\" height=\"600\" src=\"https:\/\/cdn.vanderbilt.edu\/t2-my\/my-prd\/wp-content\/uploads\/sites\/2683\/2017\/11\/IMG_0761.jpg\" class=\"attachment-full size-full\" alt=\"\" aria-describedby=\"gallery-1-33\" \/><\/a>\n\t\t\t<\/div>\n\t\t\t\t<figcaption class='wp-caption-text gallery-caption' id='gallery-1-33'>\n\t\t\t\t&#8220;World&#8217;s largest open pit coal mine in La Guajira, Colombia. &#8220;\n\t\t\t\t<\/figcaption><\/figure><figure class='gallery-item'>\n\t\t\t<div class='gallery-icon landscape'>\n\t\t\t\t<a href='https:\/\/cdn.vanderbilt.edu\/t2-my\/my-prd\/wp-content\/uploads\/sites\/2683\/2017\/11\/IMG_0751.jpg'><img loading=\"lazy\" decoding=\"async\" width=\"600\" height=\"600\" src=\"https:\/\/cdn.vanderbilt.edu\/t2-my\/my-prd\/wp-content\/uploads\/sites\/2683\/2017\/11\/IMG_0751.jpg\" class=\"attachment-full size-full\" alt=\"\" aria-describedby=\"gallery-1-32\" \/><\/a>\n\t\t\t<\/div>\n\t\t\t\t<figcaption class='wp-caption-text gallery-caption' id='gallery-1-32'>\n\t\t\t\t&#8220;This photo was taken at the Perito Moreno Glacier in El Calafate, Argentina. &#8220;\n\t\t\t\t<\/figcaption><\/figure><figure class='gallery-item'>\n\t\t\t<div class='gallery-icon landscape'>\n\t\t\t\t<a href='https:\/\/cdn.vanderbilt.edu\/t2-my\/my-prd\/wp-content\/uploads\/sites\/2683\/2017\/11\/IMG_0507.jpg'><img loading=\"lazy\" decoding=\"async\" width=\"800\" height=\"600\" src=\"https:\/\/cdn.vanderbilt.edu\/t2-my\/my-prd\/wp-content\/uploads\/sites\/2683\/2017\/11\/IMG_0507.jpg\" class=\"attachment-full size-full\" alt=\"\" aria-describedby=\"gallery-1-31\" \/><\/a>\n\t\t\t<\/div>\n\t\t\t\t<figcaption class='wp-caption-text gallery-caption' id='gallery-1-31'>\n\t\t\t\t&#8220;This picture was taken in the small town of Upsallata, Argentina, on the road connecting Argentina to Chile. &#8220;\n\t\t\t\t<\/figcaption><\/figure><figure class='gallery-item'>\n\t\t\t<div class='gallery-icon landscape'>\n\t\t\t\t<a href='https:\/\/cdn.vanderbilt.edu\/t2-my\/my-prd\/wp-content\/uploads\/sites\/2683\/2017\/11\/Iguazu-Falls.jpg'><img loading=\"lazy\" decoding=\"async\" width=\"767\" height=\"600\" src=\"https:\/\/cdn.vanderbilt.edu\/t2-my\/my-prd\/wp-content\/uploads\/sites\/2683\/2017\/11\/Iguazu-Falls.jpg\" class=\"attachment-full size-full\" alt=\"\" aria-describedby=\"gallery-1-30\" \/><\/a>\n\t\t\t<\/div>\n\t\t\t\t<figcaption class='wp-caption-text gallery-caption' id='gallery-1-30'>\n\t\t\t\t&#8220;The subject is flying over the Iguazu Falls. I took this picture because I wanted to see the magnificence of the falls from a broader perspective. Though I was a little nervous of my first helicopter ride; I didn&#8217;t want to lose the opportunity to view this &#8220;New Wonder of the World&#8221;\u009d from above. The picture is a reminder of how much it was worth to overcome that fear.&#8221;\n\t\t\t\t<\/figcaption><\/figure><figure class='gallery-item'>\n\t\t\t<div class='gallery-icon portrait'>\n\t\t\t\t<a href='https:\/\/cdn.vanderbilt.edu\/t2-my\/my-prd\/wp-content\/uploads\/sites\/2683\/2017\/11\/Guarani.jpg'><img loading=\"lazy\" decoding=\"async\" width=\"450\" height=\"600\" src=\"https:\/\/cdn.vanderbilt.edu\/t2-my\/my-prd\/wp-content\/uploads\/sites\/2683\/2017\/11\/Guarani.jpg\" class=\"attachment-full size-full\" alt=\"\" aria-describedby=\"gallery-1-29\" \/><\/a>\n\t\t\t<\/div>\n\t\t\t\t<figcaption class='wp-caption-text gallery-caption' id='gallery-1-29'>\n\t\t\t\t&#8220;While doing research in Argentina, we stopped by a Guarani village to help a physician during her annual visit to the region. All of the kids were running around and playing with us and with each other, except one toddler. He sat watching all of us intently and quietly. &#8220;\n\t\t\t\t<\/figcaption><\/figure><figure class='gallery-item'>\n\t\t\t<div class='gallery-icon landscape'>\n\t\t\t\t<a href='https:\/\/cdn.vanderbilt.edu\/t2-my\/my-prd\/wp-content\/uploads\/sites\/2683\/2017\/11\/Gallina2.jpg'><img loading=\"lazy\" decoding=\"async\" width=\"893\" height=\"600\" src=\"https:\/\/cdn.vanderbilt.edu\/t2-my\/my-prd\/wp-content\/uploads\/sites\/2683\/2017\/11\/Gallina2.jpg\" class=\"attachment-full size-full\" alt=\"\" aria-describedby=\"gallery-1-28\" \/><\/a>\n\t\t\t<\/div>\n\t\t\t\t<figcaption class='wp-caption-text gallery-caption' id='gallery-1-28'>\n\t\t\t\t&#8220;As I was in a country house in Anapoima (Cundinamarca, Colombia) chatting with relatives, I saw this hen just wondering around, sort of prowling, oblivious to all things human&#8211;like it owned the place. The colorful scene sort of composed itself, crying for a picture to be taken.&#8221;\n\t\t\t\t<\/figcaption><\/figure><figure class='gallery-item'>\n\t\t\t<div class='gallery-icon landscape'>\n\t\t\t\t<a href='https:\/\/cdn.vanderbilt.edu\/t2-my\/my-prd\/wp-content\/uploads\/sites\/2683\/2017\/11\/DSCN099411.jpg'><img loading=\"lazy\" decoding=\"async\" width=\"750\" height=\"600\" src=\"https:\/\/cdn.vanderbilt.edu\/t2-my\/my-prd\/wp-content\/uploads\/sites\/2683\/2017\/11\/DSCN099411.jpg\" class=\"attachment-full size-full\" alt=\"\" aria-describedby=\"gallery-1-27\" \/><\/a>\n\t\t\t<\/div>\n\t\t\t\t<figcaption class='wp-caption-text gallery-caption' id='gallery-1-27'>\n\t\t\t\t&#8220;Rising high above Guanabara Bay, Sugarloaf Mountain stood before me like a rock giant watching over its beloved cidade maravilhosa, Rio de Janeiro. Inside the aerial bondinho, I had a 360 degree view of the land as I ascended the 1400-metre cable route from Morra da Urca to P\u00cc\u00a3o de A\u00cc\u00a4\u00cc\u00bccar. With the dense green foliage below, monoliths of granite and quarts ahead, and far out islands populating the coastal waters, this view captures the beauty of Brazil&#8217;s exotic and diverse landscape. &#8220;\n\t\t\t\t<\/figcaption><\/figure><figure class='gallery-item'>\n\t\t\t<div class='gallery-icon landscape'>\n\t\t\t\t<a href='https:\/\/cdn.vanderbilt.edu\/t2-my\/my-prd\/wp-content\/uploads\/sites\/2683\/2017\/11\/DSCN3177.jpg'><img loading=\"lazy\" decoding=\"async\" width=\"800\" height=\"600\" src=\"https:\/\/cdn.vanderbilt.edu\/t2-my\/my-prd\/wp-content\/uploads\/sites\/2683\/2017\/11\/DSCN3177.jpg\" class=\"attachment-full size-full\" alt=\"\" aria-describedby=\"gallery-1-26\" \/><\/a>\n\t\t\t<\/div>\n\t\t\t\t<figcaption class='wp-caption-text gallery-caption' id='gallery-1-26'>\n\t\t\t\t&#8220;This Totonac musician is in the middle of the &#8220;Danza de los Voladores&#8221; a Mesoamerican ritual ceremony that is now considered an Intangible Cultural Heritage by UNESCO. Swinging upside-down from a 30-meter pole, he becomes a bird as he flies through the air, his flute singing. &#8220;\n\t\t\t\t<\/figcaption><\/figure><figure class='gallery-item'>\n\t\t\t<div class='gallery-icon landscape'>\n\t\t\t\t<a href='https:\/\/cdn.vanderbilt.edu\/t2-my\/my-prd\/wp-content\/uploads\/sites\/2683\/2017\/11\/DSCN0263.jpg'><img loading=\"lazy\" decoding=\"async\" width=\"801\" height=\"600\" src=\"https:\/\/cdn.vanderbilt.edu\/t2-my\/my-prd\/wp-content\/uploads\/sites\/2683\/2017\/11\/DSCN0263.jpg\" class=\"attachment-full size-full\" alt=\"\" aria-describedby=\"gallery-1-25\" \/><\/a>\n\t\t\t<\/div>\n\t\t\t\t<figcaption class='wp-caption-text gallery-caption' id='gallery-1-25'>\n\t\t\t\t&#8220;Kids are playing traditional dies to learn how to count and make additions in their own language, Kaqchikel Maya. For me it&#8217;s very important to see how kids and adults are making efforts together in order to keep their language, culture, and games alive. Unfortunately they must do it after the end of official year of school and without help of Guatemalan local and national government.&#8221;\n\t\t\t\t<\/figcaption><\/figure><figure class='gallery-item'>\n\t\t\t<div class='gallery-icon landscape'>\n\t\t\t\t<a href='https:\/\/cdn.vanderbilt.edu\/t2-my\/my-prd\/wp-content\/uploads\/sites\/2683\/2017\/11\/DSC00644.jpg'><img loading=\"lazy\" decoding=\"async\" width=\"800\" height=\"600\" src=\"https:\/\/cdn.vanderbilt.edu\/t2-my\/my-prd\/wp-content\/uploads\/sites\/2683\/2017\/11\/DSC00644.jpg\" class=\"attachment-full size-full\" alt=\"\" aria-describedby=\"gallery-1-24\" \/><\/a>\n\t\t\t<\/div>\n\t\t\t\t<figcaption class='wp-caption-text gallery-caption' id='gallery-1-24'>\n\t\t\t\t&#8220;This photo was taken on Porto da Barra Beach in Salvador, Brazil. I remember sitting on the beach watching the sunset and turning my attention away from the sun and to the men on the end of the seawall. Something in them, in the way they were looking to the sea, exuded both beauty and sadness. &#8220;\n\t\t\t\t<\/figcaption><\/figure><figure class='gallery-item'>\n\t\t\t<div class='gallery-icon landscape'>\n\t\t\t\t<a href='https:\/\/cdn.vanderbilt.edu\/t2-my\/my-prd\/wp-content\/uploads\/sites\/2683\/2017\/11\/DSC_6928.jpg'><img loading=\"lazy\" decoding=\"async\" width=\"900\" height=\"598\" src=\"https:\/\/cdn.vanderbilt.edu\/t2-my\/my-prd\/wp-content\/uploads\/sites\/2683\/2017\/11\/DSC_6928.jpg\" class=\"attachment-full size-full\" alt=\"\" aria-describedby=\"gallery-1-23\" \/><\/a>\n\t\t\t<\/div>\n\t\t\t\t<figcaption class='wp-caption-text gallery-caption' id='gallery-1-23'>\n\t\t\t\t&#8220;During my visit to Patagonia, Argentina, I had the opportunity to trek on the Perito Moreno Glacier. Perito Moreno is breathtaking in its immensity&#8211; extending 19 miles in length and containing 97 square miles of ice. At some points during the trek, all we could see around us was ice. It felt as if we were in another world.&#8221;\n\t\t\t\t<\/figcaption><\/figure><figure class='gallery-item'>\n\t\t\t<div class='gallery-icon landscape'>\n\t\t\t\t<a href='https:\/\/cdn.vanderbilt.edu\/t2-my\/my-prd\/wp-content\/uploads\/sites\/2683\/2017\/11\/DSC_0244.jpg'><img loading=\"lazy\" decoding=\"async\" width=\"896\" height=\"600\" src=\"https:\/\/cdn.vanderbilt.edu\/t2-my\/my-prd\/wp-content\/uploads\/sites\/2683\/2017\/11\/DSC_0244.jpg\" class=\"attachment-full size-full\" alt=\"\" aria-describedby=\"gallery-1-22\" \/><\/a>\n\t\t\t<\/div>\n\t\t\t\t<figcaption class='wp-caption-text gallery-caption' id='gallery-1-22'>\n\t\t\t\t&#8220;On a family trip to Cuba, we sat to have a coffee after a long day of exploring Havana. The weather had been cool and rainy, and I was experimenting with capturing reflections in the puddles. The women walking across the frame added the perfect element to a photo of a painted wall glorifying the Cuban revolution.&#8221;\n\t\t\t\t<\/figcaption><\/figure><figure class='gallery-item'>\n\t\t\t<div class='gallery-icon portrait'>\n\t\t\t\t<a href='https:\/\/cdn.vanderbilt.edu\/t2-my\/my-prd\/wp-content\/uploads\/sites\/2683\/2017\/11\/DSC_0055.jpg'><img loading=\"lazy\" decoding=\"async\" width=\"399\" height=\"600\" src=\"https:\/\/cdn.vanderbilt.edu\/t2-my\/my-prd\/wp-content\/uploads\/sites\/2683\/2017\/11\/DSC_0055.jpg\" class=\"attachment-full size-full\" alt=\"\" aria-describedby=\"gallery-1-21\" \/><\/a>\n\t\t\t<\/div>\n\t\t\t\t<figcaption class='wp-caption-text gallery-caption' id='gallery-1-21'>\n\t\t\t\t&#8220;Nazario is a waste picker in the garbage dump of Guatemala City. Though faced with extreme poverty, he stands as a rooted oak, or \u2030\u20ac\u0153encino\u2030\u20ac\u009d, leading his community with strength, hope, and wisdom. He inspires his neighbors to dream of a greater life, and he encourages his children to aspire to a future beyond the dump. Even since this photo was taken, he has led his street through incredible transformation.&#8221;\n\t\t\t\t<\/figcaption><\/figure><figure class='gallery-item'>\n\t\t\t<div class='gallery-icon portrait'>\n\t\t\t\t<a href='https:\/\/cdn.vanderbilt.edu\/t2-my\/my-prd\/wp-content\/uploads\/sites\/2683\/2017\/11\/decision.jpg'><img loading=\"lazy\" decoding=\"async\" width=\"450\" height=\"600\" src=\"https:\/\/cdn.vanderbilt.edu\/t2-my\/my-prd\/wp-content\/uploads\/sites\/2683\/2017\/11\/decision.jpg\" class=\"attachment-full size-full\" alt=\"\" aria-describedby=\"gallery-1-20\" \/><\/a>\n\t\t\t<\/div>\n\t\t\t\t<figcaption class='wp-caption-text gallery-caption' id='gallery-1-20'>\n\t\t\t\t&#8220;This photo was taken in the Dominican Republic. Standing at the edge of a threshold, the girl faces a decision to leave or stay. The dark interior of the home and the bright outdoors suggest a stark contrast between her choices. However, the dogs, almost mirror images of each other, suggest that there may be more parallels than contrast in her options.&#8221;\n\t\t\t\t<\/figcaption><\/figure><figure class='gallery-item'>\n\t\t\t<div class='gallery-icon landscape'>\n\t\t\t\t<a href='https:\/\/cdn.vanderbilt.edu\/t2-my\/my-prd\/wp-content\/uploads\/sites\/2683\/2017\/11\/church_two.jpg'><img loading=\"lazy\" decoding=\"async\" width=\"750\" height=\"600\" src=\"https:\/\/cdn.vanderbilt.edu\/t2-my\/my-prd\/wp-content\/uploads\/sites\/2683\/2017\/11\/church_two.jpg\" class=\"attachment-full size-full\" alt=\"\" aria-describedby=\"gallery-1-19\" \/><\/a>\n\t\t\t<\/div>\n\t\t\t\t<figcaption class='wp-caption-text gallery-caption' id='gallery-1-19'>\n\t\t\t\t&#8220;The past and the future collide in the Northeastern Brazilian state of Cear\u00cc\u00c1. In this photo the historic Igreja S\u00cc\u00a3o Pedro in the small coastal town of Canoa Quebrada overlooks the ocean, while in the background recently installed state-of-the-art windmills capture sea breezes to generate electricity for the region, which has been one of the fastest growing economically in the past decade.&#8221;\n\t\t\t\t<\/figcaption><\/figure><figure class='gallery-item'>\n\t\t\t<div class='gallery-icon landscape'>\n\t\t\t\t<a href='https:\/\/cdn.vanderbilt.edu\/t2-my\/my-prd\/wp-content\/uploads\/sites\/2683\/2017\/11\/AF.jpg'><img loading=\"lazy\" decoding=\"async\" width=\"800\" height=\"600\" src=\"https:\/\/cdn.vanderbilt.edu\/t2-my\/my-prd\/wp-content\/uploads\/sites\/2683\/2017\/11\/AF.jpg\" class=\"attachment-full size-full\" alt=\"\" aria-describedby=\"gallery-1-18\" \/><\/a>\n\t\t\t<\/div>\n\t\t\t\t<figcaption class='wp-caption-text gallery-caption' id='gallery-1-18'>\n\t\t\t\tThis is a public school playground in a Guatemalan pueblo in the Western highlands. Cantel is a village in the midst of cornfields: every inch of earth not covered by a building or road contains rows of the plants. The Guatemalan creation myth describes how people came from corn. Mountains and volcanoes frame the background. I had just observed a Population Council youth program take place at the school.\n\t\t\t\t<\/figcaption><\/figure><figure class='gallery-item'>\n\t\t\t<div class='gallery-icon landscape'>\n\t\t\t\t<a href='https:\/\/cdn.vanderbilt.edu\/t2-my\/my-prd\/wp-content\/uploads\/sites\/2683\/2017\/11\/185824_433024876749071_920761865_n.jpg'><img loading=\"lazy\" decoding=\"async\" width=\"803\" height=\"600\" src=\"https:\/\/cdn.vanderbilt.edu\/t2-my\/my-prd\/wp-content\/uploads\/sites\/2683\/2017\/11\/185824_433024876749071_920761865_n.jpg\" class=\"attachment-full size-full\" alt=\"\" aria-describedby=\"gallery-1-17\" \/><\/a>\n\t\t\t<\/div>\n\t\t\t\t<figcaption class='wp-caption-text gallery-caption' id='gallery-1-17'>\n\t\t\t\t&#8220;This picture was take in Panajachel, Guatemala. It is a picture of a volcano on the shores of the beautiful Lago Atitlan. &#8220;\n\t\t\t\t<\/figcaption><\/figure>\n\t\t<\/div>\n\n","protected":false},"excerpt":{"rendered":"","protected":false},"author":6293,"featured_media":0,"parent":0,"menu_order":0,"comment_status":"closed","ping_status":"open","template":"page_onecolumn.php","meta":{"footnotes":""},"tags":[],"class_list":["post-2","page","type-page","status-publish","hentry"],"_links":{"self":[{"href":"https:\/\/my.vanderbilt.edu\/latinamericanimages\/wp-json\/wp\/v2\/pages\/2","targetHints":{"allow":["GET"]}}],"collection":[{"href":"https:\/\/my.vanderbilt.edu\/latinamericanimages\/wp-json\/wp\/v2\/pages"}],"about":[{"href":"https:\/\/my.vanderbilt.edu\/latinamericanimages\/wp-json\/wp\/v2\/types\/page"}],"author":[{"embeddable":true,"href":"https:\/\/my.vanderbilt.edu\/latinamericanimages\/wp-json\/wp\/v2\/users\/6293"}],"replies":[{"embeddable":true,"href":"https:\/\/my.vanderbilt.edu\/latinamericanimages\/wp-json\/wp\/v2\/comments?post=2"}],"version-history":[{"count":3,"href":"https:\/\/my.vanderbilt.edu\/latinamericanimages\/wp-json\/wp\/v2\/pages\/2\/revisions"}],"predecessor-version":[{"id":44,"href":"https:\/\/my.vanderbilt.edu\/latinamericanimages\/wp-json\/wp\/v2\/pages\/2\/revisions\/44"}],"wp:attachment":[{"href":"https:\/\/my.vanderbilt.edu\/latinamericanimages\/wp-json\/wp\/v2\/media?parent=2"}],"wp:term":[{"taxonomy":"post_tag","embeddable":true,"href":"https:\/\/my.vanderbilt.edu\/latinamericanimages\/wp-json\/wp\/v2\/tags?post=2"}],"curies":[{"name":"wp","href":"https:\/\/api.w.org\/{rel}","templated":true}]}}