{"id":1883,"date":"2019-07-30T13:52:55","date_gmt":"2019-07-30T18:52:55","guid":{"rendered":"https:\/\/my.vanderbilt.edu\/pdbbootcamp\/?page_id=1883"},"modified":"2019-08-02T08:35:02","modified_gmt":"2019-08-02T13:35:02","slug":"background-into-xenopus","status":"publish","type":"page","link":"https:\/\/my.vanderbilt.edu\/pdbbootcamp\/home\/2019-projects\/frog-muscle\/background-into-xenopus\/","title":{"rendered":"Xenopus Background"},"content":{"rendered":"<p>&nbsp;<\/p>\n<figure id=\"attachment_1886\" aria-describedby=\"caption-attachment-1886\" style=\"width: 475px\" class=\"wp-caption aligncenter\"><a href=\"http:\/\/www.xenbase.org\/other\/static\/xenopusIntro.jsp\"><img loading=\"lazy\" decoding=\"async\" class=\"size-full wp-image-1886\" src=\"https:\/\/cdn.vanderbilt.edu\/t2-my\/my-prd\/wp-content\/uploads\/sites\/2855\/2019\/07\/laevis-and-tropicalis.jpg\" alt=\"Image source: http:\/\/faculty.virginia.edu\/xtropicalis\/program.html\" width=\"475\" height=\"270\" srcset=\"https:\/\/cdn.vanderbilt.edu\/t2-my\/my-prd\/wp-content\/uploads\/sites\/2855\/2019\/07\/laevis-and-tropicalis.jpg 475w, https:\/\/cdn.vanderbilt.edu\/t2-my\/my-prd\/wp-content\/uploads\/sites\/2855\/2019\/07\/laevis-and-tropicalis-300x171.jpg 300w\" sizes=\"auto, (max-width: 475px) 100vw, 475px\" \/><\/a><figcaption id=\"caption-attachment-1886\" class=\"wp-caption-text\">Image source: http:\/\/faculty.virginia.edu\/xtropicalis\/program.html<\/figcaption><\/figure>\n<p><strong>Which <em>Xenopus spp.\u00a0<\/em>(species) are used in biomedical research?<\/strong><\/p>\n<p>Two species of frog,\u00a0<em><a href=\"https:\/\/en.wikipedia.org\/wiki\/African_clawed_frog\">X. laevis<\/a>\u00a0<\/em>and\u00a0<a href=\"https:\/\/en.wikipedia.org\/wiki\/Western_clawed_frog\"><em>X. tropicalis<\/em><\/a>, are commonly utilized within biomedical research. Traditionally, <em>X. laevis\u00a0<\/em>has been the\u00a0&#8220;workhorse&#8221; for\u00a0embryological studies, its fertilized eggs having been used to study vertebrate development for decades. Meanwhile,\u00a0<em>X. tropicalis <\/em>has more recently\u00a0emerged\u00a0and could be argued as the\u00a0more useful model.\u00a0This smaller frog is the only member of\u00a0<em>Xenopus spp.\u00a0<\/em>with a <a href=\"https:\/\/en.wikipedia.org\/wiki\/Ploidy\">diploid<\/a> phenotype and has a much shorter lifespan, making it more amenable to genetics studies.<\/p>\n<p><strong>What about\u00a0<em>Xenopus\u00a0<\/em>in the wild?<\/strong><\/p>\n<p><em>Xenopus\u00a0<\/em>are a\u00a0somewhat\u00a0inactive animal and\u00a0prefer the water, leaving only to migrate. Like other frogs, and unlike humans, these animals are cold-blooded, requiring mechanisms and\/or behaviors to control body temperature. Because of this,\u00a0<em>Xenopus<\/em>\u00a0prefer mostly temperate environments. Also unlike humans,\u00a0<em>Xenopus\u00a0<\/em>undergo <a href=\"https:\/\/en.wikipedia.org\/wiki\/Metamorphosis\">metamorphosis<\/a> during development from the tadpole, which is entirely aquatic, into the adult frog, which can traverse terrestrial environments. In the wild,\u00a0<em>Xenopus\u00a0<\/em>adults are known to burrow into the ground during dry seasons, where they can remain dormant for up to one year.<\/p>\n<p><strong>Where can this frog be found?<\/strong><\/p>\n<figure id=\"attachment_1884\" aria-describedby=\"caption-attachment-1884\" style=\"width: 691px\" class=\"wp-caption alignnone\"><a href=\"https:\/\/www.iucnredlist.org\/species\/58174\/11730010\"><img loading=\"lazy\" decoding=\"async\" class=\"size-full wp-image-1884\" src=\"https:\/\/cdn.vanderbilt.edu\/t2-my\/my-prd\/wp-content\/uploads\/sites\/2855\/2019\/07\/xenopuspopulations.jpg\" alt=\"Shown are extant resident (natural) populations of commonly used Xenopus species used in biomedical research, X. laevis and X. tropicalis. Tinsley, R., Minter, L., Measey, J., Howell, K., Veloso, A., N\u00fa\u00f1ez, H. &amp; Romano, A. 2009. Citation: Xenopus laevis. The IUCN Red List of Threatened Species 2009: e.T58174A11730010. \" width=\"691\" height=\"213\" srcset=\"https:\/\/cdn.vanderbilt.edu\/t2-my\/my-prd\/wp-content\/uploads\/sites\/2855\/2019\/07\/xenopuspopulations.jpg 691w, https:\/\/cdn.vanderbilt.edu\/t2-my\/my-prd\/wp-content\/uploads\/sites\/2855\/2019\/07\/xenopuspopulations-300x92.jpg 300w\" sizes=\"auto, (max-width: 691px) 100vw, 691px\" \/><\/a><figcaption id=\"caption-attachment-1884\" class=\"wp-caption-text\">Shown above are extant resident (natural) populations of commonly used Xenopus species used in biomedical research, X. laevis and X. tropicalis. Tinsley, R., Minter, L., Measey, J., Howell, K., Veloso, A., N\u00fa\u00f1ez, H. &amp; Romano, A. 2009. Citation: Xenopus laevis. The IUCN Red List of Threatened Species 2009: e.T58174A11730010.<\/figcaption><\/figure>\n<p>Resident <em>Xenopus<\/em>\u00a0populations are found primarily in Sub-Saharan Africa, where they are fairly common in ponds, lakes, and rivers. There also exist introduced, isolated populations of\u00a0<em>X. laevis<\/em> in the Americas (mainly within the western U.S. and Chile) as well as in Europe (mainly France and the U. K.), where their &#8216;hardiness&#8217; means they typically outcompete other resident frog populations.<\/p>\n<figure id=\"attachment_1888\" aria-describedby=\"caption-attachment-1888\" style=\"width: 397px\" class=\"wp-caption aligncenter\"><a href=\"https:\/\/en.wikipedia.org\/wiki\/Western_clawed_frog\"><img loading=\"lazy\" decoding=\"async\" class=\"size-full wp-image-1888\" src=\"https:\/\/cdn.vanderbilt.edu\/t2-my\/my-prd\/wp-content\/uploads\/sites\/2855\/2019\/07\/x-tropicalis.jpg\" alt=\"This image is classified as free content. Source: V\u00e1clav Gvo\u017ed\u00edk, University of California-Berkeley.\" width=\"397\" height=\"268\" srcset=\"https:\/\/cdn.vanderbilt.edu\/t2-my\/my-prd\/wp-content\/uploads\/sites\/2855\/2019\/07\/x-tropicalis.jpg 397w, https:\/\/cdn.vanderbilt.edu\/t2-my\/my-prd\/wp-content\/uploads\/sites\/2855\/2019\/07\/x-tropicalis-300x203.jpg 300w\" sizes=\"auto, (max-width: 397px) 100vw, 397px\" \/><\/a><figcaption id=\"caption-attachment-1888\" class=\"wp-caption-text\">This image is classified as free content. Source: V\u00e1clav Gvo\u017ed\u00edk, University of California-Berkeley.<\/figcaption><\/figure>\n<p>&nbsp;<\/p>\n","protected":false},"excerpt":{"rendered":"<p>&nbsp; Which Xenopus spp.\u00a0(species) are used in biomedical research? Two species of frog,\u00a0X. laevis\u00a0and\u00a0X. tropicalis, are commonly utilized within biomedical research. Traditionally, X. laevis\u00a0has been the\u00a0&#8220;workhorse&#8221; for\u00a0embryological studies, its fertilized eggs having been used to study vertebrate development for decades. Meanwhile,\u00a0X. tropicalis has more recently\u00a0emerged\u00a0and could be argued as the\u00a0more useful model.\u00a0This smaller frog is&#8230;<\/p>\n","protected":false},"author":8390,"featured_media":0,"parent":1384,"menu_order":1,"comment_status":"closed","ping_status":"closed","template":"","meta":{"footnotes":""},"tags":[],"class_list":["post-1883","page","type-page","status-publish","hentry"],"_links":{"self":[{"href":"https:\/\/my.vanderbilt.edu\/pdbbootcamp\/wp-json\/wp\/v2\/pages\/1883","targetHints":{"allow":["GET"]}}],"collection":[{"href":"https:\/\/my.vanderbilt.edu\/pdbbootcamp\/wp-json\/wp\/v2\/pages"}],"about":[{"href":"https:\/\/my.vanderbilt.edu\/pdbbootcamp\/wp-json\/wp\/v2\/types\/page"}],"author":[{"embeddable":true,"href":"https:\/\/my.vanderbilt.edu\/pdbbootcamp\/wp-json\/wp\/v2\/users\/8390"}],"replies":[{"embeddable":true,"href":"https:\/\/my.vanderbilt.edu\/pdbbootcamp\/wp-json\/wp\/v2\/comments?post=1883"}],"version-history":[{"count":7,"href":"https:\/\/my.vanderbilt.edu\/pdbbootcamp\/wp-json\/wp\/v2\/pages\/1883\/revisions"}],"predecessor-version":[{"id":2297,"href":"https:\/\/my.vanderbilt.edu\/pdbbootcamp\/wp-json\/wp\/v2\/pages\/1883\/revisions\/2297"}],"up":[{"embeddable":true,"href":"https:\/\/my.vanderbilt.edu\/pdbbootcamp\/wp-json\/wp\/v2\/pages\/1384"}],"wp:attachment":[{"href":"https:\/\/my.vanderbilt.edu\/pdbbootcamp\/wp-json\/wp\/v2\/media?parent=1883"}],"wp:term":[{"taxonomy":"post_tag","embeddable":true,"href":"https:\/\/my.vanderbilt.edu\/pdbbootcamp\/wp-json\/wp\/v2\/tags?post=1883"}],"curies":[{"name":"wp","href":"https:\/\/api.w.org\/{rel}","templated":true}]}}