{"id":6,"date":"2013-12-12T03:59:04","date_gmt":"2013-12-12T03:59:04","guid":{"rendered":"https:\/\/my.vanderbilt.edu\/robertbarsky\/publications\/"},"modified":"2026-02-23T10:31:54","modified_gmt":"2026-02-23T15:31:54","slug":"publications","status":"publish","type":"page","link":"https:\/\/my.vanderbilt.edu\/robertbarsky\/publications\/","title":{"rendered":"Publications"},"content":{"rendered":"<p><a href=\"https:\/\/my.vanderbilt.edu\/robertbarsky\/publications\/beltline-chronicles\/\" rel=\"attachment wp-att-562\"><img loading=\"lazy\" decoding=\"async\" class=\"wp-image-562 alignleft\" src=\"https:\/\/cdn.vanderbilt.edu\/t2-my\/my-prd\/wp-content\/uploads\/sites\/1213\/2026\/02\/Beltline-Chronicles.jpeg\" alt=\"\" width=\"375\" height=\"509\" \/><\/a><img loading=\"lazy\" decoding=\"async\" class=\"\" src=\"https:\/\/media.bloomsbury.com\/rep\/bj\/9781509943166.jpg\" alt=\"Clamouring for Legal Protection: What the Great Books Teach Us About People Fleeing from Persecution: Robert F Barsky: Hart Publishing\" width=\"379\" height=\"569\" \/><\/p>\n<div id=\"attachment_235\" style=\"width: 376px\" class=\"wp-caption alignleft\"><a href=\"https:\/\/my.vanderbilt.edu\/robertbarsky\/publications\/hatched\/\"><img loading=\"lazy\" decoding=\"async\" aria-describedby=\"caption-attachment-235\" class=\"wp-image-235 \" src=\"https:\/\/cdn.vanderbilt.edu\/t2-my\/my-prd\/wp-content\/uploads\/sites\/1213\/2013\/12\/hatched.jpg\" width=\"366\" height=\"570\" \/><\/a><p id=\"caption-attachment-235\" class=\"wp-caption-text\">Hatched, the new novel by Robert Barsky, published by Sunbury Press 2016.<\/p><\/div>\n<p>&nbsp;<\/p>\n<p><img loading=\"lazy\" decoding=\"async\" class=\"\" style=\"font-size: 16px\" src=\"https:\/\/images-na.ssl-images-amazon.com\/images\/I\/41gFEOCZfeL._SX331_BO1,204,203,200_.jpg\" alt=\"Undocumented Immigrants in an Era of Arbitrary Law: The Flight and the Plight of People Deemed 'Illegal': Barsky, Robert F.: 9781138634992: Amazon.com: Books\" width=\"378\" height=\"567\" \/><\/p>\n<p><a href=\"https:\/\/my.vanderbilt.edu\/robertbarsky\/publications\/zellig-harris\/\" rel=\"attachment wp-att-563\"><img loading=\"lazy\" decoding=\"async\" class=\" wp-image-563 alignleft\" src=\"https:\/\/cdn.vanderbilt.edu\/t2-my\/my-prd\/wp-content\/uploads\/sites\/1213\/2026\/02\/Zellig-Harris.jpeg\" alt=\"\" width=\"375\" height=\"563\" \/><\/a><\/p>\n<p><img loading=\"lazy\" decoding=\"async\" class=\"\" src=\"https:\/\/images.penguinrandomhouse.com\/cover\/9780262261982\" alt=\"The Chomsky Effect by Robert F Barsky: 9780262261982 | PenguinRandomHouse.com: Books\" width=\"372\" height=\"558\" \/><\/p>\n<p><img loading=\"lazy\" decoding=\"async\" class=\"\" src=\"https:\/\/images-na.ssl-images-amazon.com\/images\/I\/51vS5AICsuL._SY291_BO1,204,203,200_QL40_ML2_.jpg\" alt=\"Arguing and Justifying: Assessing the Convention Refugees' Choice of Moment, Motive and Host Country (Research in Migration and Ethnic Relations Series): Robert F. Barsky: 9780754614814: Amazon.com: Books\" width=\"371\" height=\"530\" \/><\/p>\n<p><img loading=\"lazy\" decoding=\"async\" class=\"\" src=\"https:\/\/images-na.ssl-images-amazon.com\/images\/I\/41++7I48j7L._SX328_BO1,204,203,200_.jpg\" alt=\"Noam Chomsky: A Life of Dissent: Barsky, Robert F.: 9781550222821: Amazon.com: Books\" width=\"370\" height=\"559\" \/><\/p>\n<p><img loading=\"lazy\" decoding=\"async\" class=\"\" src=\"https:\/\/images-na.ssl-images-amazon.com\/images\/I\/91QapaYMGsL.jpg\" alt=\"Introduction \u00e0 La Th\u00e9orie Litt\u00e9raire: Robert F. Barsky, Dominique Fortier: 9782760509238: Amazon.com: Books\" width=\"383\" height=\"478\" \/><\/p>\n<p><img loading=\"lazy\" decoding=\"async\" class=\"\" src=\"https:\/\/images-na.ssl-images-amazon.com\/images\/I\/51DjW7CVsjL.jpg\" alt=\"Constructing a Productive Other: Discourse theory and the Convention refugee hearing (Pragmatics &amp; Beyond New Series): Barsky, Robert F.: 9781556192975: Amazon.com: Books\" width=\"451\" height=\"674\" \/><\/p>\n<p><img decoding=\"async\" src=\"https:\/\/images-na.ssl-images-amazon.com\/images\/I\/71N78NHwiWL.jpg\" alt=\"Noam Chomsky: A Life of Dissent (French Edition): Robert F. Barsky: 9782738105479: Amazon.com: Books\" \/><\/p>\n<p><img decoding=\"async\" src=\"https:\/\/i.gr-assets.com\/images\/S\/compressed.photo.goodreads.com\/books\/1393152121l\/62739.jpg\" alt=\"Noam Chomsky: A Life of Dissent by Robert F. Barsky\" \/><\/p>\n<p><img decoding=\"async\" src=\"https:\/\/images-na.ssl-images-amazon.com\/images\/I\/41ZY0SQTD0L._SX246_BO1,204,203,200_.jpg\" alt=\"Noam Chomsky: Libert\u00e4rer Querdenker: Robert F. Barsky: 9783859900127: Amazon.com: Books\" \/><\/p>\n<p><img decoding=\"async\" src=\"https:\/\/i.gr-assets.com\/images\/S\/compressed.photo.goodreads.com\/books\/1559889302l\/46196277._SX318_.jpg\" alt=\"Noam Chomsky: A Life of Dissent by Robert F. Barsky\" \/><\/p>\n<p><img decoding=\"async\" src=\"https:\/\/www.thehindu.com\/migration_catalog\/article16869010.ece\/alternates\/FREE_435\/oeb_sept1_chomsky_2of8.jpg\" alt=\"A perspective on Chomsky - The Hindu\" \/><\/p>\n<p><img decoding=\"async\" src=\"https:\/\/i.pinimg.com\/originals\/39\/f3\/d6\/39f3d60d2357d2f089306aefc4e722a7.jpg\" alt=\"Cover design for the biography of Noam Chomsky (A Life of Dissent) \u2022 Soft cover, 280 pages \u2022 Client: Do\u011fan Books | Z book, Book editorial design, Book editorial\" \/><\/p>\n","protected":false},"excerpt":{"rendered":"<p>&nbsp;<\/p>\n","protected":false},"author":2446,"featured_media":0,"parent":0,"menu_order":0,"comment_status":"open","ping_status":"open","template":"","meta":{"footnotes":""},"class_list":["post-6","page","type-page","status-publish","hentry"],"_links":{"self":[{"href":"https:\/\/my.vanderbilt.edu\/robertbarsky\/wp-json\/wp\/v2\/pages\/6","targetHints":{"allow":["GET"]}}],"collection":[{"href":"https:\/\/my.vanderbilt.edu\/robertbarsky\/wp-json\/wp\/v2\/pages"}],"about":[{"href":"https:\/\/my.vanderbilt.edu\/robertbarsky\/wp-json\/wp\/v2\/types\/page"}],"author":[{"embeddable":true,"href":"https:\/\/my.vanderbilt.edu\/robertbarsky\/wp-json\/wp\/v2\/users\/2446"}],"replies":[{"embeddable":true,"href":"https:\/\/my.vanderbilt.edu\/robertbarsky\/wp-json\/wp\/v2\/comments?post=6"}],"version-history":[{"count":11,"href":"https:\/\/my.vanderbilt.edu\/robertbarsky\/wp-json\/wp\/v2\/pages\/6\/revisions"}],"predecessor-version":[{"id":564,"href":"https:\/\/my.vanderbilt.edu\/robertbarsky\/wp-json\/wp\/v2\/pages\/6\/revisions\/564"}],"wp:attachment":[{"href":"https:\/\/my.vanderbilt.edu\/robertbarsky\/wp-json\/wp\/v2\/media?parent=6"}],"curies":[{"name":"wp","href":"https:\/\/api.w.org\/{rel}","templated":true}]}}